{"id":851,"date":"2025-08-12T19:02:17","date_gmt":"2025-08-12T17:02:17","guid":{"rendered":"http:\/\/34.51.240.201\/?page_id=851"},"modified":"2026-01-20T22:34:02","modified_gmt":"2026-01-20T21:34:02","slug":"noticias","status":"publish","type":"page","link":"https:\/\/fiaes.org\/en\/noticias\/","title":{"rendered":"News"},"content":{"rendered":"<div data-elementor-type=\"wp-page\" data-elementor-id=\"851\" class=\"elementor elementor-851\" data-elementor-post-type=\"page\">\n\t\t\t\t<div class=\"elementor-element elementor-element-702974b e-con-full e-flex e-con e-parent\" data-id=\"702974b\" data-element_type=\"container\" data-e-type=\"container\">\n\t\t\t\t<div class=\"elementor-element elementor-element-254b012 elementor-invisible elementor-widget elementor-widget-heading\" data-id=\"254b012\" data-element_type=\"widget\" data-e-type=\"widget\" data-settings=\"{&quot;_animation&quot;:&quot;slideInUp&quot;}\" data-widget_type=\"heading.default\">\n\t\t\t\t\t<h2 class=\"elementor-heading-title elementor-size-default\">Latest News<\/h2>\t\t\t\t<\/div>\n\t\t\t\t<div class=\"elementor-element elementor-element-08a8bb2 elementor-grid-3 elementor-grid-tablet-2 elementor-grid-mobile-1 elementor-posts--thumbnail-top elementor-posts--show-avatar elementor-card-shadow-yes elementor-posts__hover-gradient load-more-align-center elementor-widget elementor-widget-posts\" data-id=\"08a8bb2\" data-element_type=\"widget\" data-e-type=\"widget\" data-settings=\"{&quot;pagination_type&quot;:&quot;load_more_on_click&quot;,&quot;cards_columns&quot;:&quot;3&quot;,&quot;cards_columns_tablet&quot;:&quot;2&quot;,&quot;cards_columns_mobile&quot;:&quot;1&quot;,&quot;cards_row_gap&quot;:{&quot;unit&quot;:&quot;px&quot;,&quot;size&quot;:35,&quot;sizes&quot;:[]},&quot;cards_row_gap_widescreen&quot;:{&quot;unit&quot;:&quot;px&quot;,&quot;size&quot;:&quot;&quot;,&quot;sizes&quot;:[]},&quot;cards_row_gap_laptop&quot;:{&quot;unit&quot;:&quot;px&quot;,&quot;size&quot;:&quot;&quot;,&quot;sizes&quot;:[]},&quot;cards_row_gap_tablet_extra&quot;:{&quot;unit&quot;:&quot;px&quot;,&quot;size&quot;:&quot;&quot;,&quot;sizes&quot;:[]},&quot;cards_row_gap_tablet&quot;:{&quot;unit&quot;:&quot;px&quot;,&quot;size&quot;:&quot;&quot;,&quot;sizes&quot;:[]},&quot;cards_row_gap_mobile_extra&quot;:{&quot;unit&quot;:&quot;px&quot;,&quot;size&quot;:&quot;&quot;,&quot;sizes&quot;:[]},&quot;cards_row_gap_mobile&quot;:{&quot;unit&quot;:&quot;px&quot;,&quot;size&quot;:&quot;&quot;,&quot;sizes&quot;:[]},&quot;load_more_spinner&quot;:{&quot;value&quot;:&quot;fas fa-spinner&quot;,&quot;library&quot;:&quot;fa-solid&quot;}}\" data-widget_type=\"posts.cards\">\n\t\t\t\t<div class=\"elementor-widget-container\">\n\t\t\t\t\t\t\t<div class=\"elementor-posts-container elementor-posts elementor-posts--skin-cards elementor-grid\" role=\"list\">\n\t\t\t\t<article class=\"elementor-post elementor-grid-item post-5308 post type-post status-publish format-standard has-post-thumbnail hentry category-convocatorias category-historias-destacadas category-noticia-destacada category-noticias\" role=\"listitem\">\n\t\t\t<div class=\"elementor-post__card\">\n\t\t\t\t<a class=\"elementor-post__thumbnail__link\" href=\"https:\/\/fiaes.org\/en\/fiaes-llevo-innovacion-ambiental-sostenible-al-producer-roaster-forum-2026\/\" tabindex=\"-1\" ><div class=\"elementor-post__thumbnail\"><img fetchpriority=\"high\" decoding=\"async\" width=\"768\" height=\"432\" src=\"https:\/\/fiaes.org\/wp-content\/uploads\/2026\/03\/WhatsApp-Image-2026-03-26-at-2.14.42-PM-2-768x432.jpeg\" class=\"attachment-medium_large size-medium_large wp-image-5309\" alt=\"\" srcset=\"https:\/\/fiaes.org\/wp-content\/uploads\/2026\/03\/WhatsApp-Image-2026-03-26-at-2.14.42-PM-2-768x432.jpeg 768w, https:\/\/fiaes.org\/wp-content\/uploads\/2026\/03\/WhatsApp-Image-2026-03-26-at-2.14.42-PM-2-300x169.jpeg 300w, https:\/\/fiaes.org\/wp-content\/uploads\/2026\/03\/WhatsApp-Image-2026-03-26-at-2.14.42-PM-2-1024x576.jpeg 1024w, https:\/\/fiaes.org\/wp-content\/uploads\/2026\/03\/WhatsApp-Image-2026-03-26-at-2.14.42-PM-2-1536x864.jpeg 1536w, https:\/\/fiaes.org\/wp-content\/uploads\/2026\/03\/WhatsApp-Image-2026-03-26-at-2.14.42-PM-2-18x10.jpeg 18w, https:\/\/fiaes.org\/wp-content\/uploads\/2026\/03\/WhatsApp-Image-2026-03-26-at-2.14.42-PM-2.jpeg 1599w\" sizes=\"(max-width: 768px) 100vw, 768px\" \/><\/div><\/a>\n\t\t\t\t<div class=\"elementor-post__badge\">Calls<\/div>\n\t\t\t\t<div class=\"elementor-post__avatar\">\n\t\t\t<img alt='Ernesto Amaya' src='https:\/\/secure.gravatar.com\/avatar\/ed0ce17c74f79552f6469965e5339002662dc4af55d809bb047507a2e31a59d2?s=128&#038;d=mm&#038;r=g' srcset='https:\/\/secure.gravatar.com\/avatar\/ed0ce17c74f79552f6469965e5339002662dc4af55d809bb047507a2e31a59d2?s=256&#038;d=mm&#038;r=g 2x' class='avatar avatar-128 photo' height='128' width='128' \/>\t\t<\/div>\n\t\t\t\t<div class=\"elementor-post__text\">\n\t\t\t\t<h3 class=\"elementor-post__title\">\n\t\t\t<a href=\"https:\/\/fiaes.org\/en\/fiaes-llevo-innovacion-ambiental-sostenible-al-producer-roaster-forum-2026\/\" >\n\t\t\t\tFIAES brought sustainable environmental innovation to the Producer &amp; Roaster Forum 2026\t\t\t<\/a>\n\t\t<\/h3>\n\t\t\t\t<div class=\"elementor-post__excerpt\">\n\t\t\t<p>Los d\u00edas 26 y 27 de marzo, San Salvador fue sede del Producer &amp; Roaster Forum (PRF) El Salvador 2026, un espacio internacional que re\u00fane<\/p>\n\t\t<\/div>\n\t\t\n\t\t<a class=\"elementor-post__read-more\" href=\"https:\/\/fiaes.org\/en\/fiaes-llevo-innovacion-ambiental-sostenible-al-producer-roaster-forum-2026\/\" aria-label=\"Read more about FIAES llev\u00f3 innovaci\u00f3n ambiental sostenible al Producer &amp; Roaster Forum 2026\" tabindex=\"-1\" >\n\t\t\tRead More \u00bb\t\t<\/a>\n\n\t\t\t\t<\/div>\n\t\t\t\t<div class=\"elementor-post__meta-data\">\n\t\t\t\t\t<span class=\"elementor-post-date\">\n\t\t\tMarch 27, 2026\t\t<\/span>\n\t\t\t\t<span class=\"elementor-post-avatar\">\n\t\t\tNo Comments\t\t<\/span>\n\t\t\t\t<\/div>\n\t\t\t\t\t<\/div>\n\t\t<\/article>\n\t\t\t\t<article class=\"elementor-post elementor-grid-item post-5119 post type-post status-publish format-standard has-post-thumbnail hentry category-historias-destacadas category-noticia-destacada category-sin-categoria\" role=\"listitem\">\n\t\t\t<div class=\"elementor-post__card\">\n\t\t\t\t<a class=\"elementor-post__thumbnail__link\" href=\"https:\/\/fiaes.org\/en\/somos-rio-lempa-conservar-el-agua-y-restaurar-el-territorio\/\" tabindex=\"-1\" ><div class=\"elementor-post__thumbnail\"><img decoding=\"async\" width=\"768\" height=\"512\" src=\"https:\/\/fiaes.org\/wp-content\/uploads\/2026\/03\/07012026-DSC008151-768x512.jpg\" class=\"attachment-medium_large size-medium_large wp-image-5121\" alt=\"\" srcset=\"https:\/\/fiaes.org\/wp-content\/uploads\/2026\/03\/07012026-DSC008151-768x512.jpg 768w, https:\/\/fiaes.org\/wp-content\/uploads\/2026\/03\/07012026-DSC008151-300x200.jpg 300w, https:\/\/fiaes.org\/wp-content\/uploads\/2026\/03\/07012026-DSC008151-1024x683.jpg 1024w, https:\/\/fiaes.org\/wp-content\/uploads\/2026\/03\/07012026-DSC008151-1536x1024.jpg 1536w, https:\/\/fiaes.org\/wp-content\/uploads\/2026\/03\/07012026-DSC008151-2048x1365.jpg 2048w, https:\/\/fiaes.org\/wp-content\/uploads\/2026\/03\/07012026-DSC008151-18x12.jpg 18w\" sizes=\"(max-width: 768px) 100vw, 768px\" \/><\/div><\/a>\n\t\t\t\t<div class=\"elementor-post__badge\">Featured Stories<\/div>\n\t\t\t\t<div class=\"elementor-post__avatar\">\n\t\t\t<img alt='Ernesto Amaya' src='https:\/\/secure.gravatar.com\/avatar\/ed0ce17c74f79552f6469965e5339002662dc4af55d809bb047507a2e31a59d2?s=128&#038;d=mm&#038;r=g' srcset='https:\/\/secure.gravatar.com\/avatar\/ed0ce17c74f79552f6469965e5339002662dc4af55d809bb047507a2e31a59d2?s=256&#038;d=mm&#038;r=g 2x' class='avatar avatar-128 photo' height='128' width='128' \/>\t\t<\/div>\n\t\t\t\t<div class=\"elementor-post__text\">\n\t\t\t\t<h3 class=\"elementor-post__title\">\n\t\t\t<a href=\"https:\/\/fiaes.org\/en\/somos-rio-lempa-conservar-el-agua-y-restaurar-el-territorio\/\" >\n\t\t\t\tWe are R\u00edo Lempa: conserving water and restoring the territory\t\t\t<\/a>\n\t\t<\/h3>\n\t\t\t\t<div class=\"elementor-post__excerpt\">\n\t\t\t<p>Spanning 10,200 square kilometers, the water of the Lempa River flows through mountains, valleys, and plains before making its way to the Pacific Ocean.<\/p>\n\t\t<\/div>\n\t\t\n\t\t<a class=\"elementor-post__read-more\" href=\"https:\/\/fiaes.org\/en\/somos-rio-lempa-conservar-el-agua-y-restaurar-el-territorio\/\" aria-label=\"Read more about Somos R\u00edo Lempa: conservar el agua y restaurar el territorio\" tabindex=\"-1\" >\n\t\t\tRead More \u00bb\t\t<\/a>\n\n\t\t\t\t<\/div>\n\t\t\t\t<div class=\"elementor-post__meta-data\">\n\t\t\t\t\t<span class=\"elementor-post-date\">\n\t\t\tMarch 14, 2026\t\t<\/span>\n\t\t\t\t<span class=\"elementor-post-avatar\">\n\t\t\tNo Comments\t\t<\/span>\n\t\t\t\t<\/div>\n\t\t\t\t\t<\/div>\n\t\t<\/article>\n\t\t\t\t<article class=\"elementor-post elementor-grid-item post-5100 post type-post status-publish format-standard has-post-thumbnail hentry category-historias-destacadas category-noticia-destacada category-noticias\" role=\"listitem\">\n\t\t\t<div class=\"elementor-post__card\">\n\t\t\t\t<a class=\"elementor-post__thumbnail__link\" href=\"https:\/\/fiaes.org\/en\/jornada-de-limpieza-subacuatica-en-los-cobanos-fortalece-la-conservacion-del-ecosistema-de-arrecife\/\" tabindex=\"-1\" ><div class=\"elementor-post__thumbnail\"><img decoding=\"async\" width=\"768\" height=\"432\" src=\"https:\/\/fiaes.org\/wp-content\/uploads\/2026\/03\/WhatsApp-Image-2026-02-27-at-10.52.33-AM-768x432.jpeg\" class=\"attachment-medium_large size-medium_large wp-image-5101\" alt=\"\" srcset=\"https:\/\/fiaes.org\/wp-content\/uploads\/2026\/03\/WhatsApp-Image-2026-02-27-at-10.52.33-AM-768x432.jpeg 768w, https:\/\/fiaes.org\/wp-content\/uploads\/2026\/03\/WhatsApp-Image-2026-02-27-at-10.52.33-AM-300x169.jpeg 300w, https:\/\/fiaes.org\/wp-content\/uploads\/2026\/03\/WhatsApp-Image-2026-02-27-at-10.52.33-AM-1024x576.jpeg 1024w, https:\/\/fiaes.org\/wp-content\/uploads\/2026\/03\/WhatsApp-Image-2026-02-27-at-10.52.33-AM-1536x864.jpeg 1536w, https:\/\/fiaes.org\/wp-content\/uploads\/2026\/03\/WhatsApp-Image-2026-02-27-at-10.52.33-AM-18x10.jpeg 18w, https:\/\/fiaes.org\/wp-content\/uploads\/2026\/03\/WhatsApp-Image-2026-02-27-at-10.52.33-AM.jpeg 1600w\" sizes=\"(max-width: 768px) 100vw, 768px\" \/><\/div><\/a>\n\t\t\t\t<div class=\"elementor-post__badge\">Featured Stories<\/div>\n\t\t\t\t<div class=\"elementor-post__avatar\">\n\t\t\t<img alt='Ernesto Amaya' src='https:\/\/secure.gravatar.com\/avatar\/ed0ce17c74f79552f6469965e5339002662dc4af55d809bb047507a2e31a59d2?s=128&#038;d=mm&#038;r=g' srcset='https:\/\/secure.gravatar.com\/avatar\/ed0ce17c74f79552f6469965e5339002662dc4af55d809bb047507a2e31a59d2?s=256&#038;d=mm&#038;r=g 2x' class='avatar avatar-128 photo' height='128' width='128' \/>\t\t<\/div>\n\t\t\t\t<div class=\"elementor-post__text\">\n\t\t\t\t<h3 class=\"elementor-post__title\">\n\t\t\t<a href=\"https:\/\/fiaes.org\/en\/jornada-de-limpieza-subacuatica-en-los-cobanos-fortalece-la-conservacion-del-ecosistema-de-arrecife\/\" >\n\t\t\t\tUnderwater cleanup day in Los C\u00f3banos strengthens the conservation of the reef ecosystem\t\t\t<\/a>\n\t\t<\/h3>\n\t\t\t\t<div class=\"elementor-post__excerpt\">\n\t\t\t<p>A day of underwater and terrestrial cleanup was recently carried out in the Los C\u00f3banos Protected Natural Area, in Acajutla, Sonsonate, as part of<\/p>\n\t\t<\/div>\n\t\t\n\t\t<a class=\"elementor-post__read-more\" href=\"https:\/\/fiaes.org\/en\/jornada-de-limpieza-subacuatica-en-los-cobanos-fortalece-la-conservacion-del-ecosistema-de-arrecife\/\" aria-label=\"Read more about Jornada de limpieza subacu\u00e1tica en Los C\u00f3banos fortalece la conservaci\u00f3n del ecosistema de arrecife\" tabindex=\"-1\" >\n\t\t\tRead More \u00bb\t\t<\/a>\n\n\t\t\t\t<\/div>\n\t\t\t\t<div class=\"elementor-post__meta-data\">\n\t\t\t\t\t<span class=\"elementor-post-date\">\n\t\t\tMarch 11, 2026\t\t<\/span>\n\t\t\t\t<span class=\"elementor-post-avatar\">\n\t\t\tNo Comments\t\t<\/span>\n\t\t\t\t<\/div>\n\t\t\t\t\t<\/div>\n\t\t<\/article>\n\t\t\t\t<article class=\"elementor-post elementor-grid-item post-5064 post type-post status-publish format-standard has-post-thumbnail hentry category-historias-destacadas category-noticia-destacada category-noticias category-sin-categoria\" role=\"listitem\">\n\t\t\t<div class=\"elementor-post__card\">\n\t\t\t\t<a class=\"elementor-post__thumbnail__link\" href=\"https:\/\/fiaes.org\/en\/el-equipo-tecnico-de-fiaes-conocio-las-experiencias-de-psa-durante-el-intercambio-tecnico-con-fonafifo-en-costa-rica\/\" tabindex=\"-1\" ><div class=\"elementor-post__thumbnail\"><img loading=\"lazy\" decoding=\"async\" width=\"768\" height=\"432\" src=\"https:\/\/fiaes.org\/wp-content\/uploads\/2026\/03\/1-768x432.jpg\" class=\"attachment-medium_large size-medium_large wp-image-5081\" alt=\"\" srcset=\"https:\/\/fiaes.org\/wp-content\/uploads\/2026\/03\/1-768x432.jpg 768w, https:\/\/fiaes.org\/wp-content\/uploads\/2026\/03\/1-300x169.jpg 300w, https:\/\/fiaes.org\/wp-content\/uploads\/2026\/03\/1-1024x576.jpg 1024w, https:\/\/fiaes.org\/wp-content\/uploads\/2026\/03\/1.jpg 1200w\" sizes=\"(max-width: 768px) 100vw, 768px\" \/><\/div><\/a>\n\t\t\t\t<div class=\"elementor-post__badge\">Featured Stories<\/div>\n\t\t\t\t<div class=\"elementor-post__avatar\">\n\t\t\t<img alt='Ernesto Amaya' src='https:\/\/secure.gravatar.com\/avatar\/ed0ce17c74f79552f6469965e5339002662dc4af55d809bb047507a2e31a59d2?s=128&#038;d=mm&#038;r=g' srcset='https:\/\/secure.gravatar.com\/avatar\/ed0ce17c74f79552f6469965e5339002662dc4af55d809bb047507a2e31a59d2?s=256&#038;d=mm&#038;r=g 2x' class='avatar avatar-128 photo' height='128' width='128' \/>\t\t<\/div>\n\t\t\t\t<div class=\"elementor-post__text\">\n\t\t\t\t<h3 class=\"elementor-post__title\">\n\t\t\t<a href=\"https:\/\/fiaes.org\/en\/el-equipo-tecnico-de-fiaes-conocio-las-experiencias-de-psa-durante-el-intercambio-tecnico-con-fonafifo-en-costa-rica\/\" >\n\t\t\t\tThe FIAES technical team learned about PSA's experiences during the technical exchange with FONAFIFO in Costa Rica\t\t\t<\/a>\n\t\t<\/h3>\n\t\t\t\t<div class=\"elementor-post__excerpt\">\n\t\t\t<p>During the second day, the FIAES technical team continued with the exchange activities together with FONAFIFO, participating in a practical field experience<\/p>\n\t\t<\/div>\n\t\t\n\t\t<a class=\"elementor-post__read-more\" href=\"https:\/\/fiaes.org\/en\/el-equipo-tecnico-de-fiaes-conocio-las-experiencias-de-psa-durante-el-intercambio-tecnico-con-fonafifo-en-costa-rica\/\" aria-label=\"Read more about El equipo t\u00e9cnico de FIAES conoci\u00f3 las experiencias de PSA durante el intercambio t\u00e9cnico con FONAFIFO en Costa Rica\" tabindex=\"-1\" >\n\t\t\tRead More \u00bb\t\t<\/a>\n\n\t\t\t\t<\/div>\n\t\t\t\t<div class=\"elementor-post__meta-data\">\n\t\t\t\t\t<span class=\"elementor-post-date\">\n\t\t\tMarch 5, 2026\t\t<\/span>\n\t\t\t\t<span class=\"elementor-post-avatar\">\n\t\t\tNo Comments\t\t<\/span>\n\t\t\t\t<\/div>\n\t\t\t\t\t<\/div>\n\t\t<\/article>\n\t\t\t\t<article class=\"elementor-post elementor-grid-item post-5010 post type-post status-publish format-standard has-post-thumbnail hentry category-historias-destacadas category-noticia-destacada category-noticias\" role=\"listitem\">\n\t\t\t<div class=\"elementor-post__card\">\n\t\t\t\t<a class=\"elementor-post__thumbnail__link\" href=\"https:\/\/fiaes.org\/en\/fiaes-participa-en-la-sexta-edicion-del-congreso-regional-de-sostenibilidad-ambiental-impulsada-por-asi\/\" tabindex=\"-1\" ><div class=\"elementor-post__thumbnail\"><img loading=\"lazy\" decoding=\"async\" width=\"768\" height=\"432\" src=\"https:\/\/fiaes.org\/wp-content\/uploads\/2026\/03\/WhatsApp-Image-2026-03-04-at-10.35.36-AM-768x432.jpeg\" class=\"attachment-medium_large size-medium_large wp-image-5011\" alt=\"\" srcset=\"https:\/\/fiaes.org\/wp-content\/uploads\/2026\/03\/WhatsApp-Image-2026-03-04-at-10.35.36-AM-768x432.jpeg 768w, https:\/\/fiaes.org\/wp-content\/uploads\/2026\/03\/WhatsApp-Image-2026-03-04-at-10.35.36-AM-300x169.jpeg 300w, https:\/\/fiaes.org\/wp-content\/uploads\/2026\/03\/WhatsApp-Image-2026-03-04-at-10.35.36-AM-1024x576.jpeg 1024w, https:\/\/fiaes.org\/wp-content\/uploads\/2026\/03\/WhatsApp-Image-2026-03-04-at-10.35.36-AM-1536x864.jpeg 1536w, https:\/\/fiaes.org\/wp-content\/uploads\/2026\/03\/WhatsApp-Image-2026-03-04-at-10.35.36-AM.jpeg 1599w\" sizes=\"(max-width: 768px) 100vw, 768px\" \/><\/div><\/a>\n\t\t\t\t<div class=\"elementor-post__badge\">Featured Stories<\/div>\n\t\t\t\t<div class=\"elementor-post__avatar\">\n\t\t\t<img alt='Ernesto Amaya' src='https:\/\/secure.gravatar.com\/avatar\/ed0ce17c74f79552f6469965e5339002662dc4af55d809bb047507a2e31a59d2?s=128&#038;d=mm&#038;r=g' srcset='https:\/\/secure.gravatar.com\/avatar\/ed0ce17c74f79552f6469965e5339002662dc4af55d809bb047507a2e31a59d2?s=256&#038;d=mm&#038;r=g 2x' class='avatar avatar-128 photo' height='128' width='128' \/>\t\t<\/div>\n\t\t\t\t<div class=\"elementor-post__text\">\n\t\t\t\t<h3 class=\"elementor-post__title\">\n\t\t\t<a href=\"https:\/\/fiaes.org\/en\/fiaes-participa-en-la-sexta-edicion-del-congreso-regional-de-sostenibilidad-ambiental-impulsada-por-asi\/\" >\n\t\t\t\tFIAES participates in the sixth edition of the Regional Congress on Environmental Sustainability, promoted by ASI\t\t\t<\/a>\n\t\t<\/h3>\n\t\t\t\t<div class=\"elementor-post__excerpt\">\n\t\t\t<p>On the first day of the Regional Congress on Environmental Sustainability (CRESA), our executive director and president of the Somos R\u00edo Lempa Program, Jorge Oviedo, participated<\/p>\n\t\t<\/div>\n\t\t\n\t\t<a class=\"elementor-post__read-more\" href=\"https:\/\/fiaes.org\/en\/fiaes-participa-en-la-sexta-edicion-del-congreso-regional-de-sostenibilidad-ambiental-impulsada-por-asi\/\" aria-label=\"Read more about FIAES participa en la sexta edici\u00f3n del Congreso Regional de Sostenibilidad Ambiental, impulsada por ASI\" tabindex=\"-1\" >\n\t\t\tRead More \u00bb\t\t<\/a>\n\n\t\t\t\t<\/div>\n\t\t\t\t<div class=\"elementor-post__meta-data\">\n\t\t\t\t\t<span class=\"elementor-post-date\">\n\t\t\tMarch 4, 2026\t\t<\/span>\n\t\t\t\t<span class=\"elementor-post-avatar\">\n\t\t\tNo Comments\t\t<\/span>\n\t\t\t\t<\/div>\n\t\t\t\t\t<\/div>\n\t\t<\/article>\n\t\t\t\t<article class=\"elementor-post elementor-grid-item post-4993 post type-post status-publish format-standard has-post-thumbnail hentry category-historias-destacadas category-noticia-destacada category-noticias category-sin-categoria\" role=\"listitem\">\n\t\t\t<div class=\"elementor-post__card\">\n\t\t\t\t<a class=\"elementor-post__thumbnail__link\" href=\"https:\/\/fiaes.org\/en\/fiaes-realiza-intercambio-tecnico-con-fonafifo-en-costa-rica\/\" tabindex=\"-1\" ><div class=\"elementor-post__thumbnail\"><img loading=\"lazy\" decoding=\"async\" width=\"768\" height=\"576\" src=\"https:\/\/fiaes.org\/wp-content\/uploads\/2026\/03\/WhatsApp-Image-2026-03-02-at-5.41.07-PM-1-768x576.jpeg\" class=\"attachment-medium_large size-medium_large wp-image-4995\" alt=\"\" srcset=\"https:\/\/fiaes.org\/wp-content\/uploads\/2026\/03\/WhatsApp-Image-2026-03-02-at-5.41.07-PM-1-768x576.jpeg 768w, https:\/\/fiaes.org\/wp-content\/uploads\/2026\/03\/WhatsApp-Image-2026-03-02-at-5.41.07-PM-1-300x225.jpeg 300w, https:\/\/fiaes.org\/wp-content\/uploads\/2026\/03\/WhatsApp-Image-2026-03-02-at-5.41.07-PM-1-1024x768.jpeg 1024w, https:\/\/fiaes.org\/wp-content\/uploads\/2026\/03\/WhatsApp-Image-2026-03-02-at-5.41.07-PM-1-1536x1152.jpeg 1536w, https:\/\/fiaes.org\/wp-content\/uploads\/2026\/03\/WhatsApp-Image-2026-03-02-at-5.41.07-PM-1.jpeg 1600w\" sizes=\"(max-width: 768px) 100vw, 768px\" \/><\/div><\/a>\n\t\t\t\t<div class=\"elementor-post__badge\">Featured Stories<\/div>\n\t\t\t\t<div class=\"elementor-post__avatar\">\n\t\t\t<img alt='Ernesto Amaya' src='https:\/\/secure.gravatar.com\/avatar\/ed0ce17c74f79552f6469965e5339002662dc4af55d809bb047507a2e31a59d2?s=128&#038;d=mm&#038;r=g' srcset='https:\/\/secure.gravatar.com\/avatar\/ed0ce17c74f79552f6469965e5339002662dc4af55d809bb047507a2e31a59d2?s=256&#038;d=mm&#038;r=g 2x' class='avatar avatar-128 photo' height='128' width='128' \/>\t\t<\/div>\n\t\t\t\t<div class=\"elementor-post__text\">\n\t\t\t\t<h3 class=\"elementor-post__title\">\n\t\t\t<a href=\"https:\/\/fiaes.org\/en\/fiaes-realiza-intercambio-tecnico-con-fonafifo-en-costa-rica\/\" >\n\t\t\t\tFIAES conducts technical exchange with FONAFIFO in Costa Rica\t\t\t<\/a>\n\t\t<\/h3>\n\t\t\t\t<div class=\"elementor-post__excerpt\">\n\t\t\t<p>FIAES technical staff are conducting a knowledge exchange with the National Forestry Financing Fund (FONAFIFO) in Costa Rica. The learning session<\/p>\n\t\t<\/div>\n\t\t\n\t\t<a class=\"elementor-post__read-more\" href=\"https:\/\/fiaes.org\/en\/fiaes-realiza-intercambio-tecnico-con-fonafifo-en-costa-rica\/\" aria-label=\"Read more about FIAES realiza intercambio t\u00e9cnico con FONAFIFO en Costa Rica\" tabindex=\"-1\" >\n\t\t\tRead More \u00bb\t\t<\/a>\n\n\t\t\t\t<\/div>\n\t\t\t\t<div class=\"elementor-post__meta-data\">\n\t\t\t\t\t<span class=\"elementor-post-date\">\n\t\t\tMarch 3, 2026\t\t<\/span>\n\t\t\t\t<span class=\"elementor-post-avatar\">\n\t\t\tNo Comments\t\t<\/span>\n\t\t\t\t<\/div>\n\t\t\t\t\t<\/div>\n\t\t<\/article>\n\t\t\t\t<\/div>\n\t\t\t\t\t<span class=\"e-load-more-spinner\">\n\t\t\t\t<svg aria-hidden=\"true\" class=\"e-font-icon-svg e-fas-spinner\" viewbox=\"0 0 512 512\" xmlns=\"http:\/\/www.w3.org\/2000\/svg\"><path d=\"M304 48c0 26.51-21.49 48-48 48s-48-21.49-48-48 21.49-48 48-48 48 21.49 48 48zm-48 368c-26.51 0-48 21.49-48 48s21.49 48 48 48 48-21.49 48-48-21.49-48-48-48zm208-208c-26.51 0-48 21.49-48 48s21.49 48 48 48 48-21.49 48-48-21.49-48-48-48zM96 256c0-26.51-21.49-48-48-48S0 229.49 0 256s21.49 48 48 48 48-21.49 48-48zm12.922 99.078c-26.51 0-48 21.49-48 48s21.49 48 48 48 48-21.49 48-48c0-26.509-21.491-48-48-48zm294.156 0c-26.51 0-48 21.49-48 48s21.49 48 48 48 48-21.49 48-48c0-26.509-21.49-48-48-48zM108.922 60.922c-26.51 0-48 21.49-48 48s21.49 48 48 48 48-21.49 48-48-21.491-48-48-48z\"><\/path><\/svg>\t\t\t<\/span>\n\t\t\n\t\t\t\t<div class=\"e-load-more-anchor\" data-page=\"1\" data-max-page=\"6\" data-next-page=\"https:\/\/fiaes.org\/en\/wp-json\/wp\/v2\/pages\/851\/page\/2\/\"><\/div>\n\t\t\t\t<div class=\"elementor-button-wrapper\">\n\t\t\t<a class=\"elementor-button elementor-size-sm\" role=\"button\">\n\t\t\t\t\t\t<span class=\"elementor-button-content-wrapper\">\n\t\t\t\t\t\t\t\t\t<span class=\"elementor-button-text\">Load more<\/span>\n\t\t\t\t\t<\/span>\n\t\t\t\t\t<\/a>\n\t\t<\/div>\n\t\t\t\t<div class=\"e-load-more-message\">No further news is available.<\/div>\n\t\t\t\t\t\t<\/div>\n\t\t\t\t<\/div>\n\t\t\t\t<\/div>\n\t\t\t\t<\/div>","protected":false},"excerpt":{"rendered":"<p>Latest News<\/p>","protected":false},"author":1,"featured_media":0,"parent":0,"menu_order":0,"comment_status":"closed","ping_status":"closed","template":"","meta":{"footnotes":""},"class_list":["post-851","page","type-page","status-publish","hentry"],"_links":{"self":[{"href":"https:\/\/fiaes.org\/en\/wp-json\/wp\/v2\/pages\/851","targetHints":{"allow":["GET"]}}],"collection":[{"href":"https:\/\/fiaes.org\/en\/wp-json\/wp\/v2\/pages"}],"about":[{"href":"https:\/\/fiaes.org\/en\/wp-json\/wp\/v2\/types\/page"}],"author":[{"embeddable":true,"href":"https:\/\/fiaes.org\/en\/wp-json\/wp\/v2\/users\/1"}],"replies":[{"embeddable":true,"href":"https:\/\/fiaes.org\/en\/wp-json\/wp\/v2\/comments?post=851"}],"version-history":[{"count":58,"href":"https:\/\/fiaes.org\/en\/wp-json\/wp\/v2\/pages\/851\/revisions"}],"predecessor-version":[{"id":4355,"href":"https:\/\/fiaes.org\/en\/wp-json\/wp\/v2\/pages\/851\/revisions\/4355"}],"wp:attachment":[{"href":"https:\/\/fiaes.org\/en\/wp-json\/wp\/v2\/media?parent=851"}],"curies":[{"name":"wp","href":"https:\/\/api.w.org\/{rel}","templated":true}]}}