{"id":4656,"date":"2026-02-13T22:26:11","date_gmt":"2026-02-13T21:26:11","guid":{"rendered":"https:\/\/fiaes.org\/?page_id=4656"},"modified":"2026-03-21T00:55:28","modified_gmt":"2026-03-20T23:55:28","slug":"convocatoria-79","status":"publish","type":"page","link":"https:\/\/fiaes.org\/en\/convocatoria-79\/","title":{"rendered":"Call 79"},"content":{"rendered":"<div data-elementor-type=\"wp-page\" data-elementor-id=\"4656\" class=\"elementor elementor-4656\" data-elementor-post-type=\"page\">\n\t\t\t\t<div class=\"elementor-element elementor-element-0ea9104 e-flex e-con-boxed e-con e-parent\" data-id=\"0ea9104\" data-element_type=\"container\" data-e-type=\"container\" data-settings=\"{&quot;background_background&quot;:&quot;gradient&quot;}\">\n\t\t\t\t\t<div class=\"e-con-inner\">\n\t\t<div class=\"elementor-element elementor-element-aac5f79 e-con-full e-flex e-con e-child\" data-id=\"aac5f79\" data-element_type=\"container\" data-e-type=\"container\">\n\t\t\t\t<div class=\"elementor-element elementor-element-f8cd71c elementor-icon-list--layout-inline elementor-align-start elementor-list-item-link-full_width elementor-widget elementor-widget-icon-list\" data-id=\"f8cd71c\" data-element_type=\"widget\" data-e-type=\"widget\" data-widget_type=\"icon-list.default\">\n\t\t\t\t\t\t\t<ul class=\"elementor-icon-list-items elementor-inline-items\">\n\t\t\t\t\t\t\t<li class=\"elementor-icon-list-item elementor-inline-item\">\n\t\t\t\t\t\t\t\t\t\t\t<span class=\"elementor-icon-list-icon\">\n\t\t\t\t\t\t\t<svg aria-hidden=\"true\" class=\"e-font-icon-svg e-fas-arrow-left\" viewbox=\"0 0 448 512\" xmlns=\"http:\/\/www.w3.org\/2000\/svg\"><path d=\"M257.5 445.1l-22.2 22.2c-9.4 9.4-24.6 9.4-33.9 0L7 273c-9.4-9.4-9.4-24.6 0-33.9L201.4 44.7c9.4-9.4 24.6-9.4 33.9 0l22.2 22.2c9.5 9.5 9.3 25-.4 34.3L136.6 216H424c13.3 0 24 10.7 24 24v32c0 13.3-10.7 24-24 24H136.6l120.5 114.8c9.8 9.3 10 24.8.4 34.3z\"><\/path><\/svg>\t\t\t\t\t\t<\/span>\n\t\t\t\t\t\t\t\t\t\t<span class=\"elementor-icon-list-text\">Go back<\/span>\n\t\t\t\t\t\t\t\t\t<\/li>\n\t\t\t\t\t\t<\/ul>\n\t\t\t\t\t\t<\/div>\n\t\t\t\t<\/div>\n\t\t<div class=\"elementor-element elementor-element-58edebf e-con-full e-flex e-con e-child\" data-id=\"58edebf\" data-element_type=\"container\" data-e-type=\"container\" data-settings=\"{&quot;background_background&quot;:&quot;classic&quot;}\">\n\t\t<div class=\"elementor-element elementor-element-73fa3d5 e-con-full e-flex e-con e-child\" data-id=\"73fa3d5\" data-element_type=\"container\" data-e-type=\"container\">\n\t\t<div class=\"elementor-element elementor-element-5ff67cf e-con-full e-flex e-con e-child\" data-id=\"5ff67cf\" data-element_type=\"container\" data-e-type=\"container\">\n\t\t\t\t<div class=\"elementor-element elementor-element-2c58578 elementor-widget elementor-widget-heading\" data-id=\"2c58578\" data-element_type=\"widget\" data-e-type=\"widget\" data-widget_type=\"heading.default\">\n\t\t\t\t\t<h1 class=\"elementor-heading-title elementor-size-default\">Call 79<\/h1>\t\t\t\t<\/div>\n\t\t\t\t<\/div>\n\t\t\t\t<\/div>\n\t\t<div class=\"elementor-element elementor-element-2a1e01f e-con-full e-flex e-con e-child\" data-id=\"2a1e01f\" data-element_type=\"container\" data-e-type=\"container\">\n\t\t<div class=\"elementor-element elementor-element-da0842f e-con-full e-flex e-con e-child\" data-id=\"da0842f\" data-element_type=\"container\" data-e-type=\"container\">\n\t\t<div class=\"elementor-element elementor-element-de31db8 e-con-full e-flex e-con e-child\" data-id=\"de31db8\" data-element_type=\"container\" data-e-type=\"container\" data-settings=\"{&quot;background_background&quot;:&quot;classic&quot;}\">\n\t\t\t\t<div class=\"elementor-element elementor-element-964b8aa elementor-widget elementor-widget-heading\" data-id=\"964b8aa\" data-element_type=\"widget\" data-e-type=\"widget\" data-widget_type=\"heading.default\">\n\t\t\t\t\t<h2 class=\"elementor-heading-title elementor-size-default\">Segundo Montes SAF CAFE<\/h2>\t\t\t\t<\/div>\n\t\t\t\t<\/div>\n\t\t\t\t<div class=\"elementor-element elementor-element-a971cf5 elementor-widget elementor-widget-html\" data-id=\"a971cf5\" data-element_type=\"widget\" data-e-type=\"widget\" data-widget_type=\"html.default\">\n\t\t\t\t\t<div class=\"fb-reel-mq\">\r\n  <iframe\r\n    src=\"https:\/\/www.facebook.com\/plugins\/video.php?href=https%3A%2F%2Fwww.facebook.com%2Freel%2F1586140006168153%2F&show_text=false&width=560\"\r\n    allow=\"autoplay; clipboard-write; encrypted-media; picture-in-picture; web-share\"\r\n    allowfullscreen=\"true\"\r\n    scrolling=\"no\"\r\n    frameborder=\"0\">\r\n  <\/iframe>\r\n<\/div>\r\n\r\n\t\t\t\t<\/div>\n\t\t\t\t<\/div>\n\t\t<div class=\"elementor-element elementor-element-7843aeb e-con-full e-flex e-con e-child\" data-id=\"7843aeb\" data-element_type=\"container\" data-e-type=\"container\">\n\t\t<div class=\"elementor-element elementor-element-0aaed41 e-con-full e-flex e-con e-child\" data-id=\"0aaed41\" data-element_type=\"container\" data-e-type=\"container\" data-settings=\"{&quot;background_background&quot;:&quot;classic&quot;}\">\n\t\t\t\t<div class=\"elementor-element elementor-element-e693c97 elementor-widget elementor-widget-heading\" data-id=\"e693c97\" data-element_type=\"widget\" data-e-type=\"widget\" data-widget_type=\"heading.default\">\n\t\t\t\t\t<h2 class=\"elementor-heading-title elementor-size-default\">Segundo Montes SAF<\/h2>\t\t\t\t<\/div>\n\t\t\t\t<\/div>\n\t\t\t\t<div class=\"elementor-element elementor-element-a0ec370 elementor-widget elementor-widget-html\" data-id=\"a0ec370\" data-element_type=\"widget\" data-e-type=\"widget\" data-widget_type=\"html.default\">\n\t\t\t\t\t<div class=\"fb-reel-mq\">\r\n  <iframe\r\n    src=\"https:\/\/www.facebook.com\/plugins\/video.php?href=https%3A%2F%2Fwww.facebook.com%2Freel%2F1171965028381932%2F&show_text=false&width=560\"\r\n    allow=\"autoplay; clipboard-write; encrypted-media; picture-in-picture; web-share\"\r\n    allowfullscreen=\"true\"\r\n    scrolling=\"no\"\r\n    frameborder=\"0\">\r\n  <\/iframe>\r\n<\/div>\r\n\r\n\t\t\t\t<\/div>\n\t\t\t\t<\/div>\n\t\t\t\t<\/div>\n\t\t<div class=\"elementor-element elementor-element-a3a089c e-con-full e-flex e-con e-child\" data-id=\"a3a089c\" data-element_type=\"container\" data-e-type=\"container\">\n\t\t<div class=\"elementor-element elementor-element-be512a7 e-con-full e-flex e-con e-child\" data-id=\"be512a7\" data-element_type=\"container\" data-e-type=\"container\">\n\t\t<div class=\"elementor-element elementor-element-5b4a592 e-con-full e-flex e-con e-child\" data-id=\"5b4a592\" data-element_type=\"container\" data-e-type=\"container\" data-settings=\"{&quot;background_background&quot;:&quot;classic&quot;}\">\n\t\t\t\t<div class=\"elementor-element elementor-element-ebe72fa elementor-widget elementor-widget-heading\" data-id=\"ebe72fa\" data-element_type=\"widget\" data-e-type=\"widget\" data-widget_type=\"heading.default\">\n\t\t\t\t\t<h2 class=\"elementor-heading-title elementor-size-default\">AMBAS SAF CAF\u00c9<\/h2>\t\t\t\t<\/div>\n\t\t\t\t<\/div>\n\t\t\t\t<div class=\"elementor-element elementor-element-ba4892f elementor-widget elementor-widget-html\" data-id=\"ba4892f\" data-element_type=\"widget\" data-e-type=\"widget\" data-widget_type=\"html.default\">\n\t\t\t\t\t<div class=\"fb-reel-mq\">\r\n  <iframe\r\n    src=\"https:\/\/www.facebook.com\/plugins\/video.php?href=https%3A%2F%2Fwww.facebook.com%2Freel%2F793793153682768%2F&show_text=false&width=560\"\r\n    allow=\"autoplay; clipboard-write; encrypted-media; picture-in-picture; web-share\"\r\n    allowfullscreen=\"true\"\r\n    scrolling=\"no\"\r\n    frameborder=\"0\">\r\n  <\/iframe>\r\n<\/div>\r\n\r\n\t\t\t\t<\/div>\n\t\t\t\t<\/div>\n\t\t<div class=\"elementor-element elementor-element-7dd9fca e-con-full e-flex e-con e-child\" data-id=\"7dd9fca\" data-element_type=\"container\" data-e-type=\"container\">\n\t\t<div class=\"elementor-element elementor-element-e62448b e-con-full e-flex e-con e-child\" data-id=\"e62448b\" data-element_type=\"container\" data-e-type=\"container\" data-settings=\"{&quot;background_background&quot;:&quot;classic&quot;}\">\n\t\t\t\t<div class=\"elementor-element elementor-element-131b00d elementor-widget elementor-widget-heading\" data-id=\"131b00d\" data-element_type=\"widget\" data-e-type=\"widget\" data-widget_type=\"heading.default\">\n\t\t\t\t\t<h2 class=\"elementor-heading-title elementor-size-default\">ADEL LA UNI\u00d3N SSP<\/h2>\t\t\t\t<\/div>\n\t\t\t\t<\/div>\n\t\t\t\t<div class=\"elementor-element elementor-element-c784d72 elementor-widget elementor-widget-html\" data-id=\"c784d72\" data-element_type=\"widget\" data-e-type=\"widget\" data-widget_type=\"html.default\">\n\t\t\t\t\t<div class=\"fb-reel-mq\">\r\n  <iframe\r\n    src=\"https:\/\/www.facebook.com\/plugins\/video.php?href=https%3A%2F%2Fwww.facebook.com%2Freel%2F1171965028381932%2F&show_text=false&width=560\"\r\n    allow=\"autoplay; clipboard-write; encrypted-media; picture-in-picture; web-share\"\r\n    allowfullscreen=\"true\"\r\n    scrolling=\"no\"\r\n    frameborder=\"0\">\r\n  <\/iframe>\r\n<\/div>\r\n\r\n\t\t\t\t<\/div>\n\t\t\t\t<\/div>\n\t\t\t\t<\/div>\n\t\t<div class=\"elementor-element elementor-element-a571cfe e-con-full e-flex e-con e-child\" data-id=\"a571cfe\" data-element_type=\"container\" data-e-type=\"container\">\n\t\t<div class=\"elementor-element elementor-element-9cd90f3 e-con-full e-flex e-con e-child\" data-id=\"9cd90f3\" data-element_type=\"container\" data-e-type=\"container\">\n\t\t<div class=\"elementor-element elementor-element-5185d2c e-con-full e-flex e-con e-child\" data-id=\"5185d2c\" data-element_type=\"container\" data-e-type=\"container\" data-settings=\"{&quot;background_background&quot;:&quot;classic&quot;}\">\n\t\t\t\t<div class=\"elementor-element elementor-element-744f2b7 elementor-widget elementor-widget-heading\" data-id=\"744f2b7\" data-element_type=\"widget\" data-e-type=\"widget\" data-widget_type=\"heading.default\">\n\t\t\t\t\t<h2 class=\"elementor-heading-title elementor-size-default\">ASRA Prevenci\u00f3n de Incendios<\/h2>\t\t\t\t<\/div>\n\t\t\t\t<\/div>\n\t\t\t\t<div class=\"elementor-element elementor-element-c944916 elementor-widget elementor-widget-html\" data-id=\"c944916\" data-element_type=\"widget\" data-e-type=\"widget\" data-widget_type=\"html.default\">\n\t\t\t\t\t<div class=\"fb-reel-mq\">\r\n  <iframe\r\n    src=\"https:\/\/www.facebook.com\/plugins\/video.php?href=https%3A%2F%2Fwww.facebook.com%2Freel%2F809622265412655%2F&show_text=false&width=560\"\r\n    allow=\"autoplay; clipboard-write; encrypted-media; picture-in-picture; web-share\"\r\n    allowfullscreen=\"true\"\r\n    scrolling=\"no\"\r\n    frameborder=\"0\">\r\n  <\/iframe>\r\n<\/div>\r\n\r\n\t\t\t\t<\/div>\n\t\t\t\t<\/div>\n\t\t<div class=\"elementor-element elementor-element-788c2c0 e-con-full e-flex e-con e-child\" data-id=\"788c2c0\" data-element_type=\"container\" data-e-type=\"container\">\n\t\t<div class=\"elementor-element elementor-element-6cc7999 e-con-full e-flex e-con e-child\" data-id=\"6cc7999\" data-element_type=\"container\" data-e-type=\"container\" data-settings=\"{&quot;background_background&quot;:&quot;classic&quot;}\">\n\t\t\t\t<div class=\"elementor-element elementor-element-275e719 elementor-widget elementor-widget-heading\" data-id=\"275e719\" data-element_type=\"widget\" data-e-type=\"widget\" data-widget_type=\"heading.default\">\n\t\t\t\t\t<h2 class=\"elementor-heading-title elementor-size-default\">ASALDI Mantenimiento de ANPs<\/h2>\t\t\t\t<\/div>\n\t\t\t\t<\/div>\n\t\t\t\t<div class=\"elementor-element elementor-element-122ebc3 elementor-widget elementor-widget-html\" data-id=\"122ebc3\" data-element_type=\"widget\" data-e-type=\"widget\" data-widget_type=\"html.default\">\n\t\t\t\t\t<div class=\"fb-reel-mq\">\r\n  <iframe\r\n    src=\"https:\/\/www.facebook.com\/plugins\/video.php?href=https%3A%2F%2Fwww.facebook.com%2Freel%2F1267797391752427%2F&show_text=false&width=560\"\r\n    allow=\"autoplay; clipboard-write; encrypted-media; picture-in-picture; web-share\"\r\n    allowfullscreen=\"true\"\r\n    scrolling=\"no\"\r\n    frameborder=\"0\">\r\n  <\/iframe>\r\n<\/div>\r\n\r\n\t\t\t\t<\/div>\n\t\t\t\t<\/div>\n\t\t\t\t<\/div>\n\t\t<div class=\"elementor-element elementor-element-3317b49 e-con-full e-flex e-con e-child\" data-id=\"3317b49\" data-element_type=\"container\" data-e-type=\"container\">\n\t\t<div class=\"elementor-element elementor-element-d80adb4 e-con-full e-flex e-con e-child\" data-id=\"d80adb4\" data-element_type=\"container\" data-e-type=\"container\">\n\t\t<div class=\"elementor-element elementor-element-68ae447 e-con-full e-flex e-con e-child\" data-id=\"68ae447\" data-element_type=\"container\" data-e-type=\"container\" data-settings=\"{&quot;background_background&quot;:&quot;classic&quot;}\">\n\t\t\t\t<div class=\"elementor-element elementor-element-ba7d4fc elementor-widget elementor-widget-heading\" data-id=\"ba7d4fc\" data-element_type=\"widget\" data-e-type=\"widget\" data-widget_type=\"heading.default\">\n\t\t\t\t\t<h2 class=\"elementor-heading-title elementor-size-default\">ASALDI Capacitaciones<\/h2>\t\t\t\t<\/div>\n\t\t\t\t<\/div>\n\t\t\t\t<div class=\"elementor-element elementor-element-a167a0f elementor-widget elementor-widget-html\" data-id=\"a167a0f\" data-element_type=\"widget\" data-e-type=\"widget\" data-widget_type=\"html.default\">\n\t\t\t\t\t<div class=\"fb-reel-mq\">\r\n  <iframe\r\n    src=\"https:\/\/www.facebook.com\/plugins\/video.php?href=https%3A%2F%2Fwww.facebook.com%2Freel%2F855372870523476%2F&show_text=false&width=560\"\r\n    allow=\"autoplay; clipboard-write; encrypted-media; picture-in-picture; web-share\"\r\n    allowfullscreen=\"true\"\r\n    scrolling=\"no\"\r\n    frameborder=\"0\">\r\n  <\/iframe>\r\n<\/div>\r\n\r\n\t\t\t\t<\/div>\n\t\t\t\t<\/div>\n\t\t<div class=\"elementor-element elementor-element-ad2c267 e-con-full e-flex e-con e-child\" data-id=\"ad2c267\" data-element_type=\"container\" data-e-type=\"container\">\n\t\t\t\t<\/div>\n\t\t\t\t<\/div>\n\t\t\t\t<div class=\"elementor-element elementor-element-9095044 elementor-align-center elementor-widget elementor-widget-button\" data-id=\"9095044\" data-element_type=\"widget\" data-e-type=\"widget\" data-widget_type=\"button.default\">\n\t\t\t\t\t\t\t\t\t\t<a class=\"elementor-button elementor-button-link elementor-size-sm\" href=\"https:\/\/drive.google.com\/file\/d\/11IpdVRqrfCRUDMNOOgu3wjuBP52yW1Qm\/view?usp=sharing\">\n\t\t\t\t\t\t<span class=\"elementor-button-content-wrapper\">\n\t\t\t\t\t\t<span class=\"elementor-button-icon\">\n\t\t\t\t<svg aria-hidden=\"true\" class=\"e-font-icon-svg e-far-eye\" viewbox=\"0 0 576 512\" xmlns=\"http:\/\/www.w3.org\/2000\/svg\"><path d=\"M288 144a110.94 110.94 0 0 0-31.24 5 55.4 55.4 0 0 1 7.24 27 56 56 0 0 1-56 56 55.4 55.4 0 0 1-27-7.24A111.71 111.71 0 1 0 288 144zm284.52 97.4C518.29 135.59 410.93 64 288 64S57.68 135.64 3.48 241.41a32.35 32.35 0 0 0 0 29.19C57.71 376.41 165.07 448 288 448s230.32-71.64 284.52-177.41a32.35 32.35 0 0 0 0-29.19zM288 400c-98.65 0-189.09-55-237.93-144C98.91 167 189.34 112 288 112s189.09 55 237.93 144C477.1 345 386.66 400 288 400z\"><\/path><\/svg>\t\t\t<\/span>\n\t\t\t\t\t\t\t\t\t<span class=\"elementor-button-text\">See full announcement<\/span>\n\t\t\t\t\t<\/span>\n\t\t\t\t\t<\/a>\n\t\t\t\t\t\t\t\t<\/div>\n\t\t\t\t<\/div>\n\t\t<div class=\"elementor-element elementor-element-c8a8d38 e-con-full e-flex e-con e-child\" data-id=\"c8a8d38\" data-element_type=\"container\" data-e-type=\"container\">\n\t\t<div class=\"elementor-element elementor-element-dc82174 e-con-full e-flex e-con e-child\" data-id=\"dc82174\" data-element_type=\"container\" data-e-type=\"container\" data-settings=\"{&quot;background_background&quot;:&quot;classic&quot;}\">\n\t\t\t\t<div class=\"elementor-element elementor-element-4f6a88b elementor-icon-list--layout-traditional elementor-list-item-link-full_width elementor-widget elementor-widget-icon-list\" data-id=\"4f6a88b\" data-element_type=\"widget\" data-e-type=\"widget\" data-widget_type=\"icon-list.default\">\n\t\t\t\t\t\t\t<ul class=\"elementor-icon-list-items\">\n\t\t\t\t\t\t\t<li class=\"elementor-icon-list-item\">\n\t\t\t\t\t\t\t\t\t\t\t<a href=\"\/en\/convocatoria-78\/\">\n\n\t\t\t\t\t\t\t\t\t\t\t\t<span class=\"elementor-icon-list-icon\">\n\t\t\t\t\t\t\t<svg aria-hidden=\"true\" class=\"e-font-icon-svg e-fas-arrow-circle-left\" viewbox=\"0 0 512 512\" xmlns=\"http:\/\/www.w3.org\/2000\/svg\"><path d=\"M256 504C119 504 8 393 8 256S119 8 256 8s248 111 248 248-111 248-248 248zm28.9-143.6L209.4 288H392c13.3 0 24-10.7 24-24v-16c0-13.3-10.7-24-24-24H209.4l75.5-72.4c9.7-9.3 9.9-24.8.4-34.3l-11-10.9c-9.4-9.4-24.6-9.4-33.9 0L107.7 239c-9.4 9.4-9.4 24.6 0 33.9l132.7 132.7c9.4 9.4 24.6 9.4 33.9 0l11-10.9c9.5-9.5 9.3-25-.4-34.3z\"><\/path><\/svg>\t\t\t\t\t\t<\/span>\n\t\t\t\t\t\t\t\t\t\t<span class=\"elementor-icon-list-text\">Previous<\/span>\n\t\t\t\t\t\t\t\t\t\t\t<\/a>\n\t\t\t\t\t\t\t\t\t<\/li>\n\t\t\t\t\t\t<\/ul>\n\t\t\t\t\t\t<\/div>\n\t\t\t\t<\/div>\n\t\t\t\t<\/div>\n\t\t\t\t\t<\/div>\n\t\t\t\t<\/div>\n\t\t\t\t<\/div>","protected":false},"excerpt":{"rendered":"<p>Regresar Convocatoria 79 Segundo Montes SAF CAFE Segundo Montes SAF AMBAS SAF CAF\u00c9 ADEL LA UNI\u00d3N SSP ASRA Prevenci\u00f3n de Incendios ASALDI Mantenimiento de ANPs ASALDI Capacitaciones Ver convocatoria completa Anterior<\/p>","protected":false},"author":1,"featured_media":0,"parent":0,"menu_order":0,"comment_status":"closed","ping_status":"closed","template":"","meta":{"footnotes":""},"class_list":["post-4656","page","type-page","status-publish","hentry"],"_links":{"self":[{"href":"https:\/\/fiaes.org\/en\/wp-json\/wp\/v2\/pages\/4656","targetHints":{"allow":["GET"]}}],"collection":[{"href":"https:\/\/fiaes.org\/en\/wp-json\/wp\/v2\/pages"}],"about":[{"href":"https:\/\/fiaes.org\/en\/wp-json\/wp\/v2\/types\/page"}],"author":[{"embeddable":true,"href":"https:\/\/fiaes.org\/en\/wp-json\/wp\/v2\/users\/1"}],"replies":[{"embeddable":true,"href":"https:\/\/fiaes.org\/en\/wp-json\/wp\/v2\/comments?post=4656"}],"version-history":[{"count":58,"href":"https:\/\/fiaes.org\/en\/wp-json\/wp\/v2\/pages\/4656\/revisions"}],"predecessor-version":[{"id":5270,"href":"https:\/\/fiaes.org\/en\/wp-json\/wp\/v2\/pages\/4656\/revisions\/5270"}],"wp:attachment":[{"href":"https:\/\/fiaes.org\/en\/wp-json\/wp\/v2\/media?parent=4656"}],"curies":[{"name":"wp","href":"https:\/\/api.w.org\/{rel}","templated":true}]}}