{"id":3570,"date":"2025-10-10T22:55:59","date_gmt":"2025-10-10T20:55:59","guid":{"rendered":"http:\/\/34.51.240.201\/?page_id=3570"},"modified":"2025-10-14T18:13:46","modified_gmt":"2025-10-14T16:13:46","slug":"plan-estrategico-institucional-2023-2025","status":"publish","type":"page","link":"https:\/\/fiaes.org\/en\/plan-estrategico-institucional-2023-2025\/","title":{"rendered":"Plan Estrat\u00e9gico Institucional 2023-2025"},"content":{"rendered":"<div data-elementor-type=\"wp-page\" data-elementor-id=\"3570\" class=\"elementor elementor-3570\" data-elementor-post-type=\"page\">\n\t\t\t\t<div class=\"elementor-element elementor-element-768e260 e-flex e-con-boxed e-con e-parent\" data-id=\"768e260\" data-element_type=\"container\" data-e-type=\"container\" data-settings=\"{&quot;background_background&quot;:&quot;classic&quot;}\">\n\t\t\t\t\t<div class=\"e-con-inner\">\n\t\t<div class=\"elementor-element elementor-element-3cb09a4 e-con-full e-flex e-con e-child\" data-id=\"3cb09a4\" data-element_type=\"container\" data-e-type=\"container\">\n\t\t\t\t<div class=\"elementor-element elementor-element-ea0c63c elementor-widget elementor-widget-heading\" data-id=\"ea0c63c\" data-element_type=\"widget\" data-e-type=\"widget\" data-widget_type=\"heading.default\">\n\t\t\t\t\t<h2 class=\"elementor-heading-title elementor-size-default\">Strategic Plan 2023-2028<\/h2>\t\t\t\t<\/div>\n\t\t\t\t<div class=\"elementor-element elementor-element-e760fbc elementor-widget elementor-widget-text-editor\" data-id=\"e760fbc\" data-element_type=\"widget\" data-e-type=\"widget\" data-widget_type=\"text-editor.default\">\n\t\t\t\t\t\t\t\t\t<p><span style=\"font-weight: 400;\">The FIAES Institutional Strategic Plan 2023-2028 is the guiding document for the development of actions in the next six years, with the aim of restoring and conserving the environment, improving the lives of the people who depend on it.<\/span><\/p>\t\t\t\t\t\t\t\t<\/div>\n\t\t\t\t<\/div>\n\t\t<div class=\"elementor-element elementor-element-994e8c0 e-con-full e-flex e-con e-child\" data-id=\"994e8c0\" data-element_type=\"container\" data-e-type=\"container\">\n\t\t\t\t<div class=\"elementor-element elementor-element-6c81fc0 elementor-widget elementor-widget-shortcode\" data-id=\"6c81fc0\" data-element_type=\"widget\" data-e-type=\"widget\" data-widget_type=\"shortcode.default\">\n\t\t\t\t\t\t\t<div class=\"elementor-shortcode\"><div class=\"real3dflipbook\" id=\"6_69e64b771fb4d\" style=\"position:absolute;\"><\/div><\/div>\n\t\t\t\t\t\t<\/div>\n\t\t\t\t<\/div>\n\t\t\t\t\t<\/div>\n\t\t\t\t<\/div>\n\t\t\t\t<\/div>","protected":false},"excerpt":{"rendered":"<p>Plan Estrat\u00e9gico 2023-2028 El Plan Estrat\u00e9gico Institucional de FIAES 2023-2028, es el documento gu\u00eda para el desarrollo de acciones en los siguientes seis a\u00f1os, con el fin de restaurar y conservar el medio ambiente, mejorando las vidas de las personas que se sustentan del mismo.<\/p>","protected":false},"author":1,"featured_media":0,"parent":0,"menu_order":0,"comment_status":"closed","ping_status":"closed","template":"","meta":{"footnotes":""},"class_list":["post-3570","page","type-page","status-publish","hentry"],"_links":{"self":[{"href":"https:\/\/fiaes.org\/en\/wp-json\/wp\/v2\/pages\/3570","targetHints":{"allow":["GET"]}}],"collection":[{"href":"https:\/\/fiaes.org\/en\/wp-json\/wp\/v2\/pages"}],"about":[{"href":"https:\/\/fiaes.org\/en\/wp-json\/wp\/v2\/types\/page"}],"author":[{"embeddable":true,"href":"https:\/\/fiaes.org\/en\/wp-json\/wp\/v2\/users\/1"}],"replies":[{"embeddable":true,"href":"https:\/\/fiaes.org\/en\/wp-json\/wp\/v2\/comments?post=3570"}],"version-history":[{"count":25,"href":"https:\/\/fiaes.org\/en\/wp-json\/wp\/v2\/pages\/3570\/revisions"}],"predecessor-version":[{"id":3691,"href":"https:\/\/fiaes.org\/en\/wp-json\/wp\/v2\/pages\/3570\/revisions\/3691"}],"wp:attachment":[{"href":"https:\/\/fiaes.org\/en\/wp-json\/wp\/v2\/media?parent=3570"}],"curies":[{"name":"wp","href":"https:\/\/api.w.org\/{rel}","templated":true}]}}