{"id":3502,"date":"2025-10-10T22:28:02","date_gmt":"2025-10-10T20:28:02","guid":{"rendered":"http:\/\/34.51.240.201\/?page_id=3502"},"modified":"2025-10-10T22:48:59","modified_gmt":"2025-10-10T20:48:59","slug":"director-ejecutivo","status":"publish","type":"page","link":"https:\/\/fiaes.org\/en\/director-ejecutivo\/","title":{"rendered":"Chief Executive"},"content":{"rendered":"\t\t<div data-elementor-type=\"wp-page\" data-elementor-id=\"3502\" class=\"elementor elementor-3502\" data-elementor-post-type=\"page\">\n\t\t\t\t<div class=\"elementor-element elementor-element-8eeb987 e-con-full e-flex e-con e-parent\" data-id=\"8eeb987\" data-element_type=\"container\" data-e-type=\"container\" data-settings=\"{&quot;background_background&quot;:&quot;classic&quot;}\">\n\t\t<div class=\"elementor-element elementor-element-0e3b7f9 e-flex e-con-boxed e-con e-child\" data-id=\"0e3b7f9\" data-element_type=\"container\" data-e-type=\"container\">\n\t\t\t\t\t<div class=\"e-con-inner\">\n\t\t<div class=\"elementor-element elementor-element-4c4229d e-con-full e-flex e-con e-child\" data-id=\"4c4229d\" data-element_type=\"container\" data-e-type=\"container\" data-settings=\"{&quot;background_background&quot;:&quot;classic&quot;}\">\n\t\t\t\t<div class=\"elementor-element elementor-element-8f9adde elementor-widget elementor-widget-image\" data-id=\"8f9adde\" data-element_type=\"widget\" data-e-type=\"widget\" data-settings=\"{&quot;motion_fx_motion_fx_scrolling&quot;:&quot;yes&quot;,&quot;motion_fx_translateY_effect&quot;:&quot;yes&quot;,&quot;motion_fx_translateY_speed&quot;:{&quot;unit&quot;:&quot;px&quot;,&quot;size&quot;:4,&quot;sizes&quot;:[]},&quot;motion_fx_translateY_affectedRange&quot;:{&quot;unit&quot;:&quot;%&quot;,&quot;size&quot;:&quot;&quot;,&quot;sizes&quot;:{&quot;start&quot;:0,&quot;end&quot;:100}},&quot;motion_fx_devices&quot;:[&quot;widescreen&quot;,&quot;desktop&quot;,&quot;laptop&quot;,&quot;tablet_extra&quot;,&quot;tablet&quot;,&quot;mobile_extra&quot;,&quot;mobile&quot;]}\" data-widget_type=\"image.default\">\n\t\t\t\t\t\t\t\t\t\t\t\t\t\t\t<img fetchpriority=\"high\" decoding=\"async\" width=\"1440\" height=\"2560\" src=\"https:\/\/fiaes.org\/wp-content\/uploads\/2025\/10\/Director-Ejecutivo-Jorge-Oviedo-FIAES-scaled.webp\" class=\"attachment-full size-full wp-image-3508\" alt=\"Director Ejecutivo Jorge Oviedo - FIAES\" srcset=\"https:\/\/fiaes.org\/wp-content\/uploads\/2025\/10\/Director-Ejecutivo-Jorge-Oviedo-FIAES-scaled.webp 1440w, https:\/\/fiaes.org\/wp-content\/uploads\/2025\/10\/Director-Ejecutivo-Jorge-Oviedo-FIAES-169x300.webp 169w, https:\/\/fiaes.org\/wp-content\/uploads\/2025\/10\/Director-Ejecutivo-Jorge-Oviedo-FIAES-576x1024.webp 576w, https:\/\/fiaes.org\/wp-content\/uploads\/2025\/10\/Director-Ejecutivo-Jorge-Oviedo-FIAES-768x1365.webp 768w, https:\/\/fiaes.org\/wp-content\/uploads\/2025\/10\/Director-Ejecutivo-Jorge-Oviedo-FIAES-864x1536.webp 864w, https:\/\/fiaes.org\/wp-content\/uploads\/2025\/10\/Director-Ejecutivo-Jorge-Oviedo-FIAES-1152x2048.webp 1152w\" sizes=\"(max-width: 1440px) 100vw, 1440px\" \/>\t\t\t\t\t\t\t\t\t\t\t\t\t\t\t<\/div>\n\t\t\t\t<\/div>\n\t\t<div class=\"elementor-element elementor-element-903b68a e-con-full e-flex e-con e-child\" data-id=\"903b68a\" data-element_type=\"container\" data-e-type=\"container\">\n\t\t\t\t<div class=\"elementor-element elementor-element-c4e9838 elementor-widget elementor-widget-heading\" data-id=\"c4e9838\" data-element_type=\"widget\" data-e-type=\"widget\" data-widget_type=\"heading.default\">\n\t\t\t\t\t<h4 class=\"elementor-heading-title elementor-size-default\">Director Ejecutivo\n<\/h4>\t\t\t\t<\/div>\n\t\t\t\t<div class=\"elementor-element elementor-element-b931778 elementor-widget elementor-widget-text-editor\" data-id=\"b931778\" data-element_type=\"widget\" data-e-type=\"widget\" data-widget_type=\"text-editor.default\">\n\t\t\t\t\t\t\t\t\t<p><span style=\"font-weight: 400;\">Jorge Oviedo es ingeniero agr\u00f3nomo con Maestr\u00eda en Manejo Integrado de Recursos Naturales en la especialidad de Econom\u00eda y Sociolog\u00eda Ambiental del Centro Agron\u00f3mico Tropical de Investigaci\u00f3n y Ense\u00f1anza (CATIE). Ha presidido la Red de Fondo Ambientales de Latinoam\u00e9rica y El Caribe (RedLAC) y cuneta con amplia experiencia en direcci\u00f3n estrat\u00e9gica agr\u00edcola, ambiental y desarrollo regional.<\/span><\/p><p><span style=\"font-weight: 400;\">Actualmente es el Director Ejecutivo del Fondo de Inversi\u00f3n Ambiental de El Salvador (FIAES).<\/span><\/p>\t\t\t\t\t\t\t\t<\/div>\n\t\t\t\t<\/div>\n\t\t\t\t\t<\/div>\n\t\t\t\t<\/div>\n\t\t\t\t<\/div>\n\t\t\t\t<\/div>\n\t\t","protected":false},"excerpt":{"rendered":"<p>Director Ejecutivo Jorge Oviedo es ingeniero agr\u00f3nomo con Maestr\u00eda en Manejo Integrado de Recursos Naturales en la especialidad de Econom\u00eda y Sociolog\u00eda Ambiental del Centro Agron\u00f3mico Tropical de Investigaci\u00f3n y Ense\u00f1anza (CATIE). Ha presidido la Red de Fondo Ambientales de Latinoam\u00e9rica y El Caribe (RedLAC) y cuneta con amplia experiencia en direcci\u00f3n estrat\u00e9gica agr\u00edcola, ambiental [&hellip;]<\/p>\n","protected":false},"author":1,"featured_media":0,"parent":0,"menu_order":0,"comment_status":"closed","ping_status":"closed","template":"","meta":{"footnotes":""},"class_list":["post-3502","page","type-page","status-publish","hentry"],"_links":{"self":[{"href":"https:\/\/fiaes.org\/en\/wp-json\/wp\/v2\/pages\/3502","targetHints":{"allow":["GET"]}}],"collection":[{"href":"https:\/\/fiaes.org\/en\/wp-json\/wp\/v2\/pages"}],"about":[{"href":"https:\/\/fiaes.org\/en\/wp-json\/wp\/v2\/types\/page"}],"author":[{"embeddable":true,"href":"https:\/\/fiaes.org\/en\/wp-json\/wp\/v2\/users\/1"}],"replies":[{"embeddable":true,"href":"https:\/\/fiaes.org\/en\/wp-json\/wp\/v2\/comments?post=3502"}],"version-history":[{"count":55,"href":"https:\/\/fiaes.org\/en\/wp-json\/wp\/v2\/pages\/3502\/revisions"}],"predecessor-version":[{"id":3568,"href":"https:\/\/fiaes.org\/en\/wp-json\/wp\/v2\/pages\/3502\/revisions\/3568"}],"wp:attachment":[{"href":"https:\/\/fiaes.org\/en\/wp-json\/wp\/v2\/media?parent=3502"}],"curies":[{"name":"wp","href":"https:\/\/api.w.org\/{rel}","templated":true}]}}