{"id":2912,"date":"2025-10-08T10:19:09","date_gmt":"2025-10-08T08:19:09","guid":{"rendered":"http:\/\/34.51.240.201\/?page_id=2912"},"modified":"2026-03-17T18:11:45","modified_gmt":"2026-03-17T17:11:45","slug":"como-acceder-a-financiamiento","status":"publish","type":"page","link":"https:\/\/fiaes.org\/en\/como-acceder-a-financiamiento\/","title":{"rendered":"How to access financing?"},"content":{"rendered":"<div data-elementor-type=\"wp-page\" data-elementor-id=\"2912\" class=\"elementor elementor-2912\" data-elementor-post-type=\"page\">\n\t\t\t\t<div class=\"elementor-element elementor-element-361c790 e-flex e-con-boxed e-con e-parent\" data-id=\"361c790\" data-element_type=\"container\" data-e-type=\"container\" data-settings=\"{&quot;background_background&quot;:&quot;classic&quot;}\">\n\t\t\t\t\t<div class=\"e-con-inner\">\n\t\t<div class=\"elementor-element elementor-element-8a97ea0 e-con-full e-flex e-con e-child\" data-id=\"8a97ea0\" data-element_type=\"container\" data-e-type=\"container\">\n\t\t\t\t<div class=\"elementor-element elementor-element-2e78612 elementor-widget elementor-widget-heading\" data-id=\"2e78612\" data-element_type=\"widget\" data-e-type=\"widget\" data-widget_type=\"heading.default\">\n\t\t\t\t\t<h1 class=\"elementor-heading-title elementor-size-default\">How to access financing?<\/h1>\t\t\t\t<\/div>\n\t\t\t\t<\/div>\n\t\t\t\t\t<\/div>\n\t\t\t\t<\/div>\n\t\t<div class=\"elementor-element elementor-element-298175c e-flex e-con-boxed e-con e-parent\" data-id=\"298175c\" data-element_type=\"container\" data-e-type=\"container\" data-settings=\"{&quot;background_background&quot;:&quot;classic&quot;}\">\n\t\t\t\t\t<div class=\"e-con-inner\">\n\t\t<div class=\"elementor-element elementor-element-012c539 e-con-full e-flex e-con e-child\" data-id=\"012c539\" data-element_type=\"container\" data-e-type=\"container\">\n\t\t\t\t<div class=\"elementor-element elementor-element-cb30bba elementor-widget elementor-widget-ucaddon_interactive_circle_infographic\" data-id=\"cb30bba\" data-element_type=\"widget\" data-e-type=\"widget\" data-widget_type=\"ucaddon_interactive_circle_infographic.default\">\n\t\t\t\t<div class=\"elementor-widget-container\">\n\t\t\t\t\t\n<!-- start Interactive Circle Infographic -->\n\t\t<link id='font-awesome-css' href='https:\/\/fiaes.org\/wp-content\/plugins\/unlimited-elements-for-elementor\/assets_libraries\/font-awesome6\/fontawesome-all.min.css' type='text\/css' rel='stylesheet' >\n\t\t<link id='font-awesome-4-shim-css' href='https:\/\/fiaes.org\/wp-content\/plugins\/unlimited-elements-for-elementor\/assets_libraries\/font-awesome6\/fontawesome-v4-shims.min.css' type='text\/css' rel='stylesheet' >\n\n<style>\/* widget: Interactive Circle Infographic *\/\n\n\/**\n Copyright 2019 Itay Grudev\n License: MIT\n *\/\n\n#uc_interactive_circle_infographic_elementor_cb30bba \n{\nopacity: 0;\ntransition: opacity 0.2s;\nposition: relative;\nmargin:0 auto;\nbox-sizing:border-box;\nborder-radius: 50%;\n\t\nheight:450px;\nwidth:450px;\n}\n\n#uc_interactive_circle_infographic_elementor_cb30bba.uc-full-opacity{\nopacity: 1;\n}\n\n#uc_interactive_circle_infographic_elementor_cb30bba.ciclegraph::before\n{\ncontent: \"\";\nposition: absolute;\nwidth: 100%;\nheight: 100%;\nborder-radius: 50%;\nz-index: 2;\n\t\n}\n\n#uc_interactive_circle_infographic_elementor_cb30bba .uc-circle-wrapper{\nposition: relative;\nwidth: 100%;\nheight: 100%;\nborder-radius: 50%;\nz-index: 2;\noverflow: hidden;\n\t  \n}\n\n#uc_interactive_circle_infographic_elementor_cb30bba .uc-circle-wrapper::before{\ncontent: \"\";\nposition: absolute;\nwidth: 29%;\nheight: 29%;\nborder-radius: 50%;\nz-index: 2;\ntop: 50%;\nleft: 50%;\ntransform: translate(-50%, -50%);\nbox-sizing: content-box;\n}\n\n#uc_interactive_circle_infographic_elementor_cb30bba .innerCircle\n{\nheight:450px;\nwidth:450px;\n}\n\n#uc_interactive_circle_infographic_elementor_cb30bba.ciclegraph .uc-circle {\nposition: absolute;\ntop: 50%;\nleft: 50%;\nbox-sizing:border-box;\ndisplay:flex;\nalign-items:center;\njustify-content:center;\nflex-direction:column;\ncursor:pointer;\ntext-align: center;\ntransition:0.5s;\nz-index: 5;\noutline: none;\nborder-radius: 50%;\n}\n\n\n#uc_interactive_circle_infographic_elementor_cb30bba .ue_btn_txt{\n display: flex;\n justify-content: center;\n}\n\n  #uc_interactive_circle_infographic_elementor_cb30bba .center-line-wrapper{\n    position: absolute;\n    left: 50%;\n    top: 50%;\n    transform-origin: 0% 50%;\n    display: flex;\n    transition: all .3s;\n  }\n  #uc_interactive_circle_infographic_elementor_cb30bba .center-line,\n  #uc_interactive_circle_infographic_elementor_cb30bba .center-line-spacing{\n      transition: all .3s;\n  }\n\n#uc_interactive_circle_infographic_elementor_cb30bba.ciclegraph .uc-circle:hover\n{\n  transform: scale(1.1,1.1);\n}\n\n#uc_interactive_circle_infographic_elementor_cb30bba.ciclegraph .uc-circle:active\n{\n  transform: scale(0.9,0.9);\n}\n\n\n\n\n#uc_interactive_circle_infographic_elementor_cb30bba.ciclegraph .innerCircle\n{\n\n  display:flex;\n  align-items:center;\n  justify-content:center;\n  flex-direction: column;\n  box-sizing:border-box;\n  text-align:center;\n  position: relative;\n  z-index: 4;\n  position: absolute;\n  top: 0;\n  left: 0;\n  right: 0;\n  bottom: 0;\n}\n\n#uc_interactive_circle_infographic_elementor_cb30bba .ue_item_image img\n{\n  display:block;\n  width:100%;\n  object-fit: cover;\n}\n\n\n#uc_interactive_circle_infographic_elementor_cb30bba.ciclegraph .innerCircleIcon\n{\n  text-align:center;\n  display: flex;\n  justify-content: center;\n  align-items: center;\n}\n\n#uc_interactive_circle_infographic_elementor_cb30bba .uc-segment-circle\n{\nposition: absolute;\nwidth: 100%;\nheight: 100%;\nborder-radius: 50%;\noverflow: hidden;\ntop: 0;\nleft: 0;\n}\n\n#uc_interactive_circle_infographic_elementor_cb30bba .uc-segment\n{\ndisplay: block;  \noverflow: hidden;\nposition: absolute;\ntop: -50%;\nright: -50%;\nwidth: 100%;\nheight: 100%;\ntransform-origin: 0% 100%;\nz-index: 10;\ncursor: pointer;  \ntransition: background-color color .3s;  \n  \n}\n\n#uc_interactive_circle_infographic_elementor_cb30bba .uc-segment-border-inner-circle\n{\nposition: absolute;\nwidth: 29%;\nheight: 29%;\nborder-radius: 50%;\ntop: 0;\nright: 0;\nbottom: 0;\nleft: 0;\nmargin: auto;\nbackground: #ffffff;\nz-index: 2;\ndisplay:flex;\nalign-items:center;\njustify-content:center;\nflex-direction: column;\ntext-align:center;\noverflow: hidden;\n}\n\n#uc_interactive_circle_infographic_elementor_cb30bba .uc-segment-item\n{\nposition: absolute;\nleft: -100%;\nwidth: 200%;\nheight: 200%;\n}\n\n#uc_interactive_circle_infographic_elementor_cb30bba .uc-separator-outer\n{\nposition: absolute;\nheight: 11px;\nbackground-color: #fff;\ntop: calc(50% - 11px \/ 2);\nleft: 50%;\ntransform-origin: 0 calc(11px \/ 2);\nz-index: 2;\n}\n\n\n\t\n\n\n\n@media screen and (max-width: 1024px) {\n  \n#uc_interactive_circle_infographic_elementor_cb30bba {\n  height:;\n  width:;\n}\n\n#uc_interactive_circle_infographic_elementor_cb30bba .innerCircle\n{\n  height:;\n  width:;\n}\n}\n\n@media screen and (max-width: 767px) {\n  #uc_interactive_circle_infographic_elementor_cb30bba {\n  height:250px;\n  width:250px;\n}\n\n#uc_interactive_circle_infographic_elementor_cb30bba .innerCircle\n{\n  height:250px;\n  width:250px;\n}\n}\n#uc_interactive_circle_infographic_elementor_cb30bba_item1{\nbackground-color: #0CA438;\n}\n\n#uc_interactive_circle_infographic_elementor_cb30bba_item2{\nbackground-color: ;\n}\n\n#uc_interactive_circle_infographic_elementor_cb30bba_item3{\nbackground-color: ;\n}\n\n#uc_interactive_circle_infographic_elementor_cb30bba_item4{\nbackground-color: ;\n}\n\n#uc_interactive_circle_infographic_elementor_cb30bba_item5{\nbackground-color: ;\n}\n\n#uc_interactive_circle_infographic_elementor_cb30bba_item6{\nbackground-color: ;\n}\n\n\n\n<\/style>\n\n<div id=\"uc_interactive_circle_infographic_elementor_cb30bba\" class=\"ciclegraph\"  data-selecteditem=\"false\" data-selecteditem-num=\"1\" data-show-segments=\"false\" data-close-body=\"true\" data-trigger-type=\"click\" >\n    \t<div class=\"uc-items-wrapper\"><div class=\"uc-circle\" id=\"uc_interactive_circle_infographic_elementor_cb30bba_item1\" data-number-id=\"1\" tabindex=\"0\" >\n\n  <div class=\"uc-circle-inner\">      \n    \n           <span class=\"ue_btn_txt\">Step 1<\/span>\n       \n  <\/div>\n<\/div>\n<div class=\"uc-circle\" id=\"uc_interactive_circle_infographic_elementor_cb30bba_item2\" data-number-id=\"2\" tabindex=\"0\" >\n\n  <div class=\"uc-circle-inner\">      \n    \n           <span class=\"ue_btn_txt\">Step 2<\/span>\n       \n  <\/div>\n<\/div>\n<div class=\"uc-circle\" id=\"uc_interactive_circle_infographic_elementor_cb30bba_item3\" data-number-id=\"3\" tabindex=\"0\" >\n\n  <div class=\"uc-circle-inner\">      \n    \n           <span class=\"ue_btn_txt\">Step 3<\/span>\n       \n  <\/div>\n<\/div>\n<div class=\"uc-circle\" id=\"uc_interactive_circle_infographic_elementor_cb30bba_item4\" data-number-id=\"4\" tabindex=\"0\" >\n\n  <div class=\"uc-circle-inner\">      \n    \n           <span class=\"ue_btn_txt\">Step 4<\/span>\n       \n  <\/div>\n<\/div>\n<div class=\"uc-circle\" id=\"uc_interactive_circle_infographic_elementor_cb30bba_item5\" data-number-id=\"5\" tabindex=\"0\" >\n\n  <div class=\"uc-circle-inner\">      \n    \n           <span class=\"ue_btn_txt\">Step 5<\/span>\n       \n  <\/div>\n<\/div>\n<div class=\"uc-circle\" id=\"uc_interactive_circle_infographic_elementor_cb30bba_item6\" data-number-id=\"6\" tabindex=\"0\" >\n\n  <div class=\"uc-circle-inner\">      \n    \n           <span class=\"ue_btn_txt\">Step 6<\/span>\n       \n  <\/div>\n<\/div>\n<\/div>\n   \n    \t<div class=\"innerCircle\">\n      <div class=\"innerCircleTitle\">Step-by-step guide on how to access financing<\/div>\n      <div><div class=\"innerCircleSeperator\"><\/div><\/div>\n      <div class=\"innerCircleText\"><\/div>\n    <\/div>\n  \t<div class=\"uc-items-wrapper2\">\n     \n\n\n\n<div id=\"uc_interactive_circle_infographic_elementor_cb30bba_item1_content\" class=\"uc-circle-content\" style=\"display:none\">\n  \t \n    <div class=\"innerCircleTitle\">Record<\/div> \n  \t<div><div class=\"innerCircleSeperator\"><\/div><\/div>\n  \t<div class=\"innerCircleText\">Register your institution with us. <\/div> \n     \n<\/div>\n\n\n\n\n<div id=\"uc_interactive_circle_infographic_elementor_cb30bba_item2_content\" class=\"uc-circle-content\" style=\"display:none\">\n  \t \n    <div class=\"innerCircleTitle\">Territory selection<\/div> \n  \t<div><div class=\"innerCircleSeperator\"><\/div><\/div>\n  \t<div class=\"innerCircleText\">Choose territory and conservation objective. <\/div> \n     \n<\/div>\n\n\n\n\n<div id=\"uc_interactive_circle_infographic_elementor_cb30bba_item3_content\" class=\"uc-circle-content\" style=\"display:none\">\n  \t \n    <div class=\"innerCircleTitle\">Verification<\/div> \n  \t<div><div class=\"innerCircleSeperator\"><\/div><\/div>\n  \t<div class=\"innerCircleText\">Check for active calls for applications.\n\n<\/div> \n     \n<\/div>\n\n\n\n\n<div id=\"uc_interactive_circle_infographic_elementor_cb30bba_item4_content\" class=\"uc-circle-content\" style=\"display:none\">\n  \t \n    <div class=\"innerCircleTitle\">Documentation<\/div> \n  \t<div><div class=\"innerCircleSeperator\"><\/div><\/div>\n  \t<div class=\"innerCircleText\">Provide up-to-date legal documentation.\n<\/div> \n     \n<\/div>\n\n\n\n\n<div id=\"uc_interactive_circle_infographic_elementor_cb30bba_item5_content\" class=\"uc-circle-content\" style=\"display:none\">\n  \t \n    <div class=\"innerCircleTitle\">Proposal Submission<\/div> \n  \t<div><div class=\"innerCircleSeperator\"><\/div><\/div>\n  \t<div class=\"innerCircleText\">Submit your technical proposal for the project.<\/div> \n     \n<\/div>\n\n\n\n\n<div id=\"uc_interactive_circle_infographic_elementor_cb30bba_item6_content\" class=\"uc-circle-content\" style=\"display:none\">\n  \t \n    <div class=\"innerCircleTitle\">Revision<\/div> \n  \t<div><div class=\"innerCircleSeperator\"><\/div><\/div>\n  \t<div class=\"innerCircleText\">Await project review and response. <\/div> \n     \n<\/div>\n\n   <\/div>\n  <\/div>\n<!-- end Interactive Circle Infographic -->\t\t\t\t<\/div>\n\t\t\t\t<\/div>\n\t\t\t\t<\/div>\n\t\t<div class=\"elementor-element elementor-element-2d384d6 e-con-full e-flex e-con e-child\" data-id=\"2d384d6\" data-element_type=\"container\" data-e-type=\"container\">\n\t\t\t\t<div class=\"elementor-element elementor-element-c58e3d8 elementor-widget elementor-widget-text-editor\" data-id=\"c58e3d8\" data-element_type=\"widget\" data-e-type=\"widget\" data-widget_type=\"text-editor.default\">\n\t\t\t\t\t\t\t\t\t<p>FIAES holds annual calls for proposals, in which non-governmental entities with a presence in any of the 8 intervention territories can participate.<\/p><p>Non-governmental organizations, community development associations, intermunicipal associations, micro-regions and producer associations can apply.<\/p>\t\t\t\t\t\t\t\t<\/div>\n\t\t\t\t<div class=\"elementor-element elementor-element-9fee089 elementor-align-left elementor-mobile-align-center elementor-widget elementor-widget-button\" data-id=\"9fee089\" data-element_type=\"widget\" data-e-type=\"widget\" data-widget_type=\"button.default\">\n\t\t\t\t\t\t\t\t\t\t<a class=\"elementor-button elementor-button-link elementor-size-sm elementor-animation-grow\" href=\"\/en\/convocatorias\/\">\n\t\t\t\t\t\t<span class=\"elementor-button-content-wrapper\">\n\t\t\t\t\t\t<span class=\"elementor-button-icon\">\n\t\t\t\t<svg aria-hidden=\"true\" class=\"e-font-icon-svg e-fas-arrow-right\" viewbox=\"0 0 448 512\" xmlns=\"http:\/\/www.w3.org\/2000\/svg\"><path d=\"M190.5 66.9l22.2-22.2c9.4-9.4 24.6-9.4 33.9 0L441 239c9.4 9.4 9.4 24.6 0 33.9L246.6 467.3c-9.4 9.4-24.6 9.4-33.9 0l-22.2-22.2c-9.5-9.5-9.3-25 .4-34.3L311.4 296H24c-13.3 0-24-10.7-24-24v-32c0-13.3 10.7-24 24-24h287.4L190.9 101.2c-9.8-9.3-10-24.8-.4-34.3z\"><\/path><\/svg>\t\t\t<\/span>\n\t\t\t\t\t\t\t\t\t<span class=\"elementor-button-text\">View calls for proposals<\/span>\n\t\t\t\t\t<\/span>\n\t\t\t\t\t<\/a>\n\t\t\t\t\t\t\t\t<\/div>\n\t\t\t\t<\/div>\n\t\t\t\t\t<\/div>\n\t\t\t\t<\/div>\n\t\t\t\t<\/div>","protected":false},"excerpt":{"rendered":"<p>\u00bfC\u00f3mo acceder a financiamiento? Paso 1 Paso 2 Paso 3 Paso 4 Paso 5 Paso 6 Paso a paso de c\u00f3mo acceder a un financiamiento Registro Registra tu instituci\u00f3n con nosotros. Elecci\u00f3n de territorio Escoge territorio y objeto de conservaci\u00f3n. Verificaci\u00f3n Verifica convocatorias activas. Documentaci\u00f3n Presenta documentaci\u00f3n legal actualizada. Entrega de propuesta Entrega tu propuesta [&hellip;]<\/p>\n","protected":false},"author":1,"featured_media":0,"parent":0,"menu_order":0,"comment_status":"closed","ping_status":"closed","template":"","meta":{"footnotes":""},"class_list":["post-2912","page","type-page","status-publish","hentry"],"_links":{"self":[{"href":"https:\/\/fiaes.org\/en\/wp-json\/wp\/v2\/pages\/2912","targetHints":{"allow":["GET"]}}],"collection":[{"href":"https:\/\/fiaes.org\/en\/wp-json\/wp\/v2\/pages"}],"about":[{"href":"https:\/\/fiaes.org\/en\/wp-json\/wp\/v2\/types\/page"}],"author":[{"embeddable":true,"href":"https:\/\/fiaes.org\/en\/wp-json\/wp\/v2\/users\/1"}],"replies":[{"embeddable":true,"href":"https:\/\/fiaes.org\/en\/wp-json\/wp\/v2\/comments?post=2912"}],"version-history":[{"count":41,"href":"https:\/\/fiaes.org\/en\/wp-json\/wp\/v2\/pages\/2912\/revisions"}],"predecessor-version":[{"id":5142,"href":"https:\/\/fiaes.org\/en\/wp-json\/wp\/v2\/pages\/2912\/revisions\/5142"}],"wp:attachment":[{"href":"https:\/\/fiaes.org\/en\/wp-json\/wp\/v2\/media?parent=2912"}],"curies":[{"name":"wp","href":"https:\/\/api.w.org\/{rel}","templated":true}]}}