{"id":2407,"date":"2025-10-04T02:48:08","date_gmt":"2025-10-04T00:48:08","guid":{"rendered":"http:\/\/34.51.240.201\/?page_id=2407"},"modified":"2026-04-16T22:30:06","modified_gmt":"2026-04-16T20:30:06","slug":"recursos-hidricos","status":"publish","type":"page","link":"https:\/\/fiaes.org\/en\/recursos-hidricos\/","title":{"rendered":"Water Resources"},"content":{"rendered":"<div data-elementor-type=\"wp-page\" data-elementor-id=\"2407\" class=\"elementor elementor-2407\" data-elementor-post-type=\"page\">\n\t\t\t\t<div class=\"elementor-element elementor-element-aa18f55 e-flex e-con-boxed e-con e-parent\" data-id=\"aa18f55\" data-element_type=\"container\" data-e-type=\"container\" data-settings=\"{&quot;background_background&quot;:&quot;classic&quot;}\">\n\t\t\t\t\t<div class=\"e-con-inner\">\n\t\t<div class=\"elementor-element elementor-element-4dfd4e4 e-con-full e-flex e-con e-child\" data-id=\"4dfd4e4\" data-element_type=\"container\" data-e-type=\"container\">\n\t\t\t\t<div class=\"elementor-element elementor-element-76c2f72 elementor-widget elementor-widget-heading\" data-id=\"76c2f72\" data-element_type=\"widget\" data-e-type=\"widget\" data-widget_type=\"heading.default\">\n\t\t\t\t\t<h1 class=\"elementor-heading-title elementor-size-default\">Water Resources<\/h1>\t\t\t\t<\/div>\n\t\t\t\t<\/div>\n\t\t\t\t<div class=\"elementor-element elementor-element-b592ebe elementor-widget elementor-widget-text-editor\" data-id=\"b592ebe\" data-element_type=\"widget\" data-e-type=\"widget\" data-widget_type=\"text-editor.default\">\n\t\t\t\t\t\t\t\t\t<p><em>Protecting and restoring ecosystems <span style=\"font-weight: 400;\">coastal marine<\/span> in El Salvador.<\/em><\/p>\t\t\t\t\t\t\t\t<\/div>\n\t\t\t\t\t<\/div>\n\t\t\t\t<\/div>\n\t\t<div class=\"elementor-element elementor-element-9ceb8fa e-flex e-con-boxed e-con e-parent\" data-id=\"9ceb8fa\" data-element_type=\"container\" data-e-type=\"container\" data-settings=\"{&quot;background_background&quot;:&quot;classic&quot;}\">\n\t\t\t\t\t<div class=\"e-con-inner\">\n\t\t<div class=\"elementor-element elementor-element-f01a9ab e-con-full e-flex elementor-invisible e-con e-child\" data-id=\"f01a9ab\" data-element_type=\"container\" data-e-type=\"container\" data-settings=\"{&quot;animation&quot;:&quot;fadeIn&quot;}\">\n\t\t<div class=\"elementor-element elementor-element-4fa3538 e-con-full e-flex e-con e-child\" data-id=\"4fa3538\" data-element_type=\"container\" data-e-type=\"container\">\n\t\t<div class=\"elementor-element elementor-element-42758ca e-con-full e-flex e-con e-child\" data-id=\"42758ca\" data-element_type=\"container\" data-e-type=\"container\">\n\t\t\t\t<div class=\"elementor-element elementor-element-0790007 elementor-invisible elementor-widget elementor-widget-image\" data-id=\"0790007\" data-element_type=\"widget\" data-e-type=\"widget\" data-settings=\"{&quot;_animation&quot;:&quot;fadeInRight&quot;,&quot;_animation_delay&quot;:200}\" data-widget_type=\"image.default\">\n\t\t\t\t\t\t\t\t\t\t\t\t\t\t\t<img fetchpriority=\"high\" decoding=\"async\" width=\"576\" height=\"1024\" src=\"https:\/\/fiaes.org\/wp-content\/uploads\/2025\/10\/Recursos_Hidricos_FIAES-576x1024.webp\" class=\"attachment-large size-large wp-image-2445\" alt=\"\" srcset=\"https:\/\/fiaes.org\/wp-content\/uploads\/2025\/10\/Recursos_Hidricos_FIAES-576x1024.webp 576w, https:\/\/fiaes.org\/wp-content\/uploads\/2025\/10\/Recursos_Hidricos_FIAES-169x300.webp 169w, https:\/\/fiaes.org\/wp-content\/uploads\/2025\/10\/Recursos_Hidricos_FIAES-768x1365.webp 768w, https:\/\/fiaes.org\/wp-content\/uploads\/2025\/10\/Recursos_Hidricos_FIAES-864x1536.webp 864w, https:\/\/fiaes.org\/wp-content\/uploads\/2025\/10\/Recursos_Hidricos_FIAES.webp 1080w\" sizes=\"(max-width: 576px) 100vw, 576px\" \/>\t\t\t\t\t\t\t\t\t\t\t\t\t\t\t<\/div>\n\t\t\t\t<\/div>\n\t\t<div class=\"elementor-element elementor-element-7f65a27 e-con-full e-flex e-con e-child\" data-id=\"7f65a27\" data-element_type=\"container\" data-e-type=\"container\">\n\t\t\t\t<div class=\"elementor-element elementor-element-901c4e9 elementor-invisible elementor-widget elementor-widget-image\" data-id=\"901c4e9\" data-element_type=\"widget\" data-e-type=\"widget\" data-settings=\"{&quot;_animation&quot;:&quot;fadeInRight&quot;,&quot;_animation_mobile&quot;:&quot;fadeInRight&quot;}\" data-widget_type=\"image.default\">\n\t\t\t\t\t\t\t\t\t\t\t\t\t\t\t<img decoding=\"async\" width=\"463\" height=\"1024\" src=\"https:\/\/fiaes.org\/wp-content\/uploads\/2025\/10\/Recursos_Hidricos_FIAES_2-463x1024.webp\" class=\"attachment-large size-large wp-image-2456\" alt=\"\" srcset=\"https:\/\/fiaes.org\/wp-content\/uploads\/2025\/10\/Recursos_Hidricos_FIAES_2-463x1024.webp 463w, https:\/\/fiaes.org\/wp-content\/uploads\/2025\/10\/Recursos_Hidricos_FIAES_2-136x300.webp 136w, https:\/\/fiaes.org\/wp-content\/uploads\/2025\/10\/Recursos_Hidricos_FIAES_2-768x1699.webp 768w, https:\/\/fiaes.org\/wp-content\/uploads\/2025\/10\/Recursos_Hidricos_FIAES_2-694x1536.webp 694w, https:\/\/fiaes.org\/wp-content\/uploads\/2025\/10\/Recursos_Hidricos_FIAES_2-926x2048.webp 926w, https:\/\/fiaes.org\/wp-content\/uploads\/2025\/10\/Recursos_Hidricos_FIAES_2-scaled.webp 1157w\" sizes=\"(max-width: 463px) 100vw, 463px\" \/>\t\t\t\t\t\t\t\t\t\t\t\t\t\t\t<\/div>\n\t\t\t\t<\/div>\n\t\t\t\t<\/div>\n\t\t<div class=\"elementor-element elementor-element-3ebf446 e-con-full e-flex elementor-invisible e-con e-child\" data-id=\"3ebf446\" data-element_type=\"container\" data-e-type=\"container\" data-settings=\"{&quot;animation&quot;:&quot;fadeInLeft&quot;}\">\n\t\t\t\t<div class=\"elementor-element elementor-element-182922a elementor-widget elementor-widget-heading\" data-id=\"182922a\" data-element_type=\"widget\" data-e-type=\"widget\" data-widget_type=\"heading.default\">\n\t\t\t\t\t<h4 class=\"elementor-heading-title elementor-size-default\">Water Resources Program<\/h4>\t\t\t\t<\/div>\n\t\t\t\t<div class=\"elementor-element elementor-element-881e90a elementor-widget elementor-widget-text-editor\" data-id=\"881e90a\" data-element_type=\"widget\" data-e-type=\"widget\" data-widget_type=\"text-editor.default\">\n\t\t\t\t\t\t\t\t\t<p><span style=\"font-weight: 400;\">This program seeks to promote the conservation and sustainable use of water resources, through the increase of tree cover and the promotion of sustainable agriculture and livestock techniques and practices, generating economic sustainability for the communities.<\/span><\/p>\t\t\t\t\t\t\t\t<\/div>\n\t\t\t\t<\/div>\n\t\t\t\t<\/div>\n\t\t\t\t\t<\/div>\n\t\t\t\t<\/div>\n\t\t<div class=\"elementor-element elementor-element-6c5c7c6 e-con-full e-flex e-con e-parent\" data-id=\"6c5c7c6\" data-element_type=\"container\" data-e-type=\"container\" data-settings=\"{&quot;background_background&quot;:&quot;classic&quot;}\">\n\t\t<div class=\"elementor-element elementor-element-4cad7fa e-con-full e-flex e-con e-child\" data-id=\"4cad7fa\" data-element_type=\"container\" data-e-type=\"container\">\n\t\t\t\t<div class=\"elementor-element elementor-element-40bb1fd elementor-invisible elementor-widget elementor-widget-text-editor\" data-id=\"40bb1fd\" data-element_type=\"widget\" data-e-type=\"widget\" data-settings=\"{&quot;_animation&quot;:&quot;fadeInRight&quot;}\" data-widget_type=\"text-editor.default\">\n\t\t\t\t\t\t\t\t\t<p><span style=\"font-weight: 400;\">Strategic lines:\u00a0\u00a0<\/span><\/p>\t\t\t\t\t\t\t\t<\/div>\n\t\t\t\t<div class=\"elementor-element elementor-element-db8c0c5 elementor-invisible elementor-widget elementor-widget-eael-feature-list\" data-id=\"db8c0c5\" data-element_type=\"widget\" data-e-type=\"widget\" data-settings=\"{&quot;_animation&quot;:&quot;fadeInRight&quot;}\" data-widget_type=\"eael-feature-list.default\">\n\t\t\t\t\t\t\t<div class=\"-icon-position-left -tablet-icon-position-left -mobile-icon-position-left\">\n\t\t\t<ul id=\"eael-feature-list-db8c0c5\" class=\"eael-feature-list-items circle stacked connector-type-classic eael-feature-list-vertical\" data-layout-tablet=\"vertical\" data-layout-mobile=\"vertical\">\n\t\t\t                <li class=\"eael-feature-list-item elementor-repeater-item-1411949\">\n                                            <span class=\"connector\" style=\"right: calc(100% - 46px); left: 0;\"><\/span>\n                        <span class=\"connector connector-tablet\" style=\"right: calc(100% - 46px); left: 0;\"><\/span>\n                        <span class=\"connector connector-mobile\" style=\"right: calc(100% - 46px); left: 0;\"><\/span>\n                    \n\t\t\t\t\t\t<div class=\"eael-feature-list-icon-box\">\n\t\t\t\t\t\t\t<div class=\"eael-feature-list-icon-inner\">\n\n\t\t\t\t\t\t\t\t<span class=\"eael-feature-list-icon fl-icon-0\">\n\n\t\t<svg aria-hidden=\"true\" class=\"e-font-icon-svg e-fas-check\" viewbox=\"0 0 512 512\" xmlns=\"http:\/\/www.w3.org\/2000\/svg\"><path d=\"M173.898 439.404l-166.4-166.4c-9.997-9.997-9.997-26.206 0-36.204l36.203-36.204c9.997-9.998 26.207-9.998 36.204 0L192 312.69 432.095 72.596c9.997-9.997 26.207-9.997 36.204 0l36.203 36.204c9.997 9.997 9.997 26.206 0 36.204l-294.4 294.401c-9.998 9.997-26.207 9.997-36.204-.001z\"><\/path><\/svg>\t\t\t\t\t\t\t\t<\/span>\n\t\t\t\t\t\t\t<\/div>\n\t\t\t\t\t\t<\/div>\n\t\t\t\t\t\t<div class=\"eael-feature-list-content-box\">\n                            <h2 class=\"eael-feature-list-title\">Protection and conservation of water resources. <\/h2>\t\t\t\t\t\t<p class=\"eael-feature-list-content\"><\/p>\n\t\t\t\t\t\t<\/div>\n\n\t\t\t\t\t<\/li>\n\t\t\t\t                <li class=\"eael-feature-list-item elementor-repeater-item-6d9146c\">\n                                            <span class=\"connector\" style=\"right: calc(100% - 46px); left: 0;\"><\/span>\n                        <span class=\"connector connector-tablet\" style=\"right: calc(100% - 46px); left: 0;\"><\/span>\n                        <span class=\"connector connector-mobile\" style=\"right: calc(100% - 46px); left: 0;\"><\/span>\n                    \n\t\t\t\t\t\t<div class=\"eael-feature-list-icon-box\">\n\t\t\t\t\t\t\t<div class=\"eael-feature-list-icon-inner\">\n\n\t\t\t\t\t\t\t\t<span class=\"eael-feature-list-icon fl-icon-1\">\n\n\t\t<svg aria-hidden=\"true\" class=\"e-font-icon-svg e-fas-check\" viewbox=\"0 0 512 512\" xmlns=\"http:\/\/www.w3.org\/2000\/svg\"><path d=\"M173.898 439.404l-166.4-166.4c-9.997-9.997-9.997-26.206 0-36.204l36.203-36.204c9.997-9.998 26.207-9.998 36.204 0L192 312.69 432.095 72.596c9.997-9.997 26.207-9.997 36.204 0l36.203 36.204c9.997 9.997 9.997 26.206 0 36.204l-294.4 294.401c-9.998 9.997-26.207 9.997-36.204-.001z\"><\/path><\/svg>\t\t\t\t\t\t\t\t<\/span>\n\t\t\t\t\t\t\t<\/div>\n\t\t\t\t\t\t<\/div>\n\t\t\t\t\t\t<div class=\"eael-feature-list-content-box\">\n                            <h2 class=\"eael-feature-list-title\">Water resource recovery.<\/h2>\t\t\t\t\t\t<p class=\"eael-feature-list-content\"><\/p>\n\t\t\t\t\t\t<\/div>\n\n\t\t\t\t\t<\/li>\n\t\t\t\t\t\t\t<\/ul>\n\t\t<\/div>\n\t\t\t\t\t\t<\/div>\n\t\t\t\t<\/div>\n\t\t<div class=\"elementor-element elementor-element-2da56e1 e-con-full e-flex elementor-invisible e-con e-child\" data-id=\"2da56e1\" data-element_type=\"container\" data-e-type=\"container\" data-settings=\"{&quot;animation&quot;:&quot;fadeInLeft&quot;}\">\n\t\t\t\t<div class=\"elementor-element elementor-element-34c2e08 elementor-widget elementor-widget-image\" data-id=\"34c2e08\" data-element_type=\"widget\" data-e-type=\"widget\" data-widget_type=\"image.default\">\n\t\t\t\t\t\t\t\t\t\t\t\t\t\t\t<img decoding=\"async\" width=\"800\" height=\"530\" src=\"https:\/\/fiaes.org\/wp-content\/uploads\/2025\/10\/Recursos_Hidricos_FIAES_1-1024x678.webp\" class=\"attachment-large size-large wp-image-2449\" alt=\"\" srcset=\"https:\/\/fiaes.org\/wp-content\/uploads\/2025\/10\/Recursos_Hidricos_FIAES_1-1024x678.webp 1024w, https:\/\/fiaes.org\/wp-content\/uploads\/2025\/10\/Recursos_Hidricos_FIAES_1-300x199.webp 300w, https:\/\/fiaes.org\/wp-content\/uploads\/2025\/10\/Recursos_Hidricos_FIAES_1-768x509.webp 768w, https:\/\/fiaes.org\/wp-content\/uploads\/2025\/10\/Recursos_Hidricos_FIAES_1-1536x1017.webp 1536w, https:\/\/fiaes.org\/wp-content\/uploads\/2025\/10\/Recursos_Hidricos_FIAES_1-2048x1356.webp 2048w\" sizes=\"(max-width: 800px) 100vw, 800px\" \/>\t\t\t\t\t\t\t\t\t\t\t\t\t\t\t<\/div>\n\t\t\t\t<\/div>\n\t\t\t\t<\/div>\n\t\t\t\t<\/div>","protected":false},"excerpt":{"rendered":"<p>Recursos H\u00eddricos Protegiendo y restaurando ecosistemas costero marinos en El Salvador. Programa Recursos H\u00eddricos Con este programa se busca promover la conservaci\u00f3n y el uso sostenible de los recursos h\u00eddricos, por medio del incremento de la cobertura arb\u00f3rea y la promoci\u00f3n de t\u00e9cnicas y pr\u00e1cticas de agricultura y ganader\u00eda sostenible, generando sostenibilidad econ\u00f3mica para las [&hellip;]<\/p>\n","protected":false},"author":1,"featured_media":0,"parent":0,"menu_order":0,"comment_status":"closed","ping_status":"closed","template":"","meta":{"footnotes":""},"class_list":["post-2407","page","type-page","status-publish","hentry"],"_links":{"self":[{"href":"https:\/\/fiaes.org\/en\/wp-json\/wp\/v2\/pages\/2407","targetHints":{"allow":["GET"]}}],"collection":[{"href":"https:\/\/fiaes.org\/en\/wp-json\/wp\/v2\/pages"}],"about":[{"href":"https:\/\/fiaes.org\/en\/wp-json\/wp\/v2\/types\/page"}],"author":[{"embeddable":true,"href":"https:\/\/fiaes.org\/en\/wp-json\/wp\/v2\/users\/1"}],"replies":[{"embeddable":true,"href":"https:\/\/fiaes.org\/en\/wp-json\/wp\/v2\/comments?post=2407"}],"version-history":[{"count":151,"href":"https:\/\/fiaes.org\/en\/wp-json\/wp\/v2\/pages\/2407\/revisions"}],"predecessor-version":[{"id":5555,"href":"https:\/\/fiaes.org\/en\/wp-json\/wp\/v2\/pages\/2407\/revisions\/5555"}],"wp:attachment":[{"href":"https:\/\/fiaes.org\/en\/wp-json\/wp\/v2\/media?parent=2407"}],"curies":[{"name":"wp","href":"https:\/\/api.w.org\/{rel}","templated":true}]}}