{"id":2182,"date":"2025-10-03T19:09:31","date_gmt":"2025-10-03T17:09:31","guid":{"rendered":"http:\/\/34.51.240.201\/?page_id=2182"},"modified":"2025-10-03T19:38:26","modified_gmt":"2025-10-03T17:38:26","slug":"manuales-de-buenas-practicas","status":"publish","type":"page","link":"https:\/\/fiaes.org\/en\/manuales-de-buenas-practicas\/","title":{"rendered":"Good Practice Manuals"},"content":{"rendered":"\t\t<div data-elementor-type=\"wp-page\" data-elementor-id=\"2182\" class=\"elementor elementor-2182\" data-elementor-post-type=\"page\">\n\t\t\t\t<div class=\"elementor-element elementor-element-27d25c9 e-flex e-con-boxed e-con e-parent\" data-id=\"27d25c9\" data-element_type=\"container\" data-e-type=\"container\" data-settings=\"{&quot;background_background&quot;:&quot;classic&quot;,&quot;background_motion_fx_motion_fx_scrolling&quot;:&quot;yes&quot;,&quot;background_motion_fx_translateY_effect&quot;:&quot;yes&quot;,&quot;background_motion_fx_translateY_speed&quot;:{&quot;unit&quot;:&quot;px&quot;,&quot;size&quot;:4,&quot;sizes&quot;:[]},&quot;background_motion_fx_translateY_affectedRange&quot;:{&quot;unit&quot;:&quot;%&quot;,&quot;size&quot;:&quot;&quot;,&quot;sizes&quot;:{&quot;start&quot;:0,&quot;end&quot;:100}},&quot;background_motion_fx_devices&quot;:[&quot;widescreen&quot;,&quot;desktop&quot;,&quot;laptop&quot;,&quot;tablet_extra&quot;,&quot;tablet&quot;,&quot;mobile_extra&quot;,&quot;mobile&quot;]}\">\n\t\t\t\t\t<div class=\"e-con-inner\">\n\t\t<div class=\"elementor-element elementor-element-9db02f7 e-con-full e-flex e-con e-child\" data-id=\"9db02f7\" data-element_type=\"container\" data-e-type=\"container\">\n\t\t\t\t<div class=\"elementor-element elementor-element-e4f29cb elementor-widget elementor-widget-heading\" data-id=\"e4f29cb\" data-element_type=\"widget\" data-e-type=\"widget\" data-widget_type=\"heading.default\">\n\t\t\t\t\t<h1 class=\"elementor-heading-title elementor-size-default\">Manuales de buenas pr\u00e1cticas\n<\/h1>\t\t\t\t<\/div>\n\t\t\t\t<\/div>\n\t\t\t\t<div class=\"elementor-element elementor-element-31868a9 elementor-widget elementor-widget-heading\" data-id=\"31868a9\" data-element_type=\"widget\" data-e-type=\"widget\" data-widget_type=\"heading.default\">\n\t\t\t\t\t<h3 class=\"elementor-heading-title elementor-size-default\">Informes anuales de actividades y resultados de FIAES<\/h3>\t\t\t\t<\/div>\n\t\t\t\t\t<\/div>\n\t\t\t\t<\/div>\n\t\t<div class=\"elementor-element elementor-element-bf0cbe0 e-flex e-con-boxed e-con e-parent\" data-id=\"bf0cbe0\" data-element_type=\"container\" data-e-type=\"container\">\n\t\t\t\t\t<div class=\"e-con-inner\">\n\t\t\t\t<div class=\"elementor-element elementor-element-935ab0f e-n-tabs-mobile elementor-widget elementor-widget-n-tabs\" data-id=\"935ab0f\" data-element_type=\"widget\" data-e-type=\"widget\" data-widget_type=\"nested-tabs.default\">\n\t\t\t\t\t\t\t<div class=\"e-n-tabs\" data-widget-number=\"154512143\" aria-label=\"Pesta\u00f1as. Abre elementos con Intro o Espacio, ci\u00e9rralos con Escape y navega con las fechas.\">\n\t\t\t<div class=\"e-n-tabs-heading\" role=\"tablist\">\n\t\t\t\t\t<button id=\"e-n-tab-title-1545121431\" data-tab-title-id=\"e-n-tab-title-1545121431\" class=\"e-n-tab-title\" aria-selected=\"true\" data-tab-index=\"1\" role=\"tab\" tabindex=\"0\" aria-controls=\"e-n-tab-content-1545121431\" style=\"--n-tabs-title-order: 1;\">\n\t\t\t\t\t\t<span class=\"e-n-tab-title-text\">\n\t\t\t\tFomento de la agricultura y ganader\u00eda sostenible\t\t\t<\/span>\n\t\t<\/button>\n\t\t\t\t<button id=\"e-n-tab-title-1545121432\" data-tab-title-id=\"e-n-tab-title-1545121432\" class=\"e-n-tab-title\" aria-selected=\"false\" data-tab-index=\"2\" role=\"tab\" tabindex=\"-1\" aria-controls=\"e-n-tab-content-1545121432\" style=\"--n-tabs-title-order: 2;\">\n\t\t\t\t\t\t<span class=\"e-n-tab-title-text\">\n\t\t\t\tGobernanza ambiental territorial\t\t\t<\/span>\n\t\t<\/button>\n\t\t\t\t<button id=\"e-n-tab-title-1545121433\" data-tab-title-id=\"e-n-tab-title-1545121433\" class=\"e-n-tab-title\" aria-selected=\"false\" data-tab-index=\"3\" role=\"tab\" tabindex=\"-1\" aria-controls=\"e-n-tab-content-1545121433\" style=\"--n-tabs-title-order: 3;\">\n\t\t\t\t\t\t<span class=\"e-n-tab-title-text\">\n\t\t\t\tManual Protecci\u00f3n, conservaci\u00f3n y restauraci\u00f3n de \u00e1reas y recursos naturales, cuencas hidrogr\u00e1ficas y humedales\t\t\t<\/span>\n\t\t<\/button>\n\t\t\t\t<button id=\"e-n-tab-title-1545121434\" data-tab-title-id=\"e-n-tab-title-1545121434\" class=\"e-n-tab-title\" aria-selected=\"false\" data-tab-index=\"4\" role=\"tab\" tabindex=\"-1\" aria-controls=\"e-n-tab-content-1545121434\" style=\"--n-tabs-title-order: 4;\">\n\t\t\t\t\t\t<span class=\"e-n-tab-title-text\">\n\t\t\t\tProtecci\u00f3n, conservaci\u00f3n y restauraci\u00f3n de recursos y ecosistemas costero marinos\t\t\t<\/span>\n\t\t<\/button>\n\t\t\t\t\t<\/div>\n\t\t\t<div class=\"e-n-tabs-content\">\n\t\t\t\t<div id=\"e-n-tab-content-1545121431\" role=\"tabpanel\" aria-labelledby=\"e-n-tab-title-1545121431\" data-tab-index=\"1\" style=\"--n-tabs-title-order: 1;\" class=\"e-active elementor-element elementor-element-f2d43c8 e-con-full e-flex e-con e-child\" data-id=\"f2d43c8\" data-element_type=\"container\" data-e-type=\"container\">\n\t\t\t\t<\/div>\n\t\t<div id=\"e-n-tab-content-1545121432\" role=\"tabpanel\" aria-labelledby=\"e-n-tab-title-1545121432\" data-tab-index=\"2\" style=\"--n-tabs-title-order: 2;\" class=\" elementor-element elementor-element-27aa608 e-con-full e-flex e-con e-child\" data-id=\"27aa608\" data-element_type=\"container\" data-e-type=\"container\">\n\t\t\t\t<\/div>\n\t\t<div id=\"e-n-tab-content-1545121433\" role=\"tabpanel\" aria-labelledby=\"e-n-tab-title-1545121433\" data-tab-index=\"3\" style=\"--n-tabs-title-order: 3;\" class=\" elementor-element elementor-element-6b4c617 e-con-full e-flex e-con e-child\" data-id=\"6b4c617\" data-element_type=\"container\" data-e-type=\"container\">\n\t\t\t\t<\/div>\n\t\t<div id=\"e-n-tab-content-1545121434\" role=\"tabpanel\" aria-labelledby=\"e-n-tab-title-1545121434\" data-tab-index=\"4\" style=\"--n-tabs-title-order: 4;\" class=\" elementor-element elementor-element-052074e e-con-full e-flex e-con e-child\" data-id=\"052074e\" data-element_type=\"container\" data-e-type=\"container\">\n\t\t\t\t<\/div>\n\t\t\t\t\t<\/div>\n\t\t<\/div>\n\t\t\t\t\t\t<\/div>\n\t\t\t\t<div class=\"elementor-element elementor-element-f3024c7 elementor-grid-eael-col-3 elementor-grid-tablet-eael-col-2 elementor-grid-mobile-eael-col-1 elementor-widget elementor-widget-eael-post-grid\" data-id=\"f3024c7\" data-element_type=\"widget\" data-e-type=\"widget\" data-settings=\"{&quot;eael_post_grid_columns&quot;:&quot;eael-col-3&quot;,&quot;eael_post_grid_columns_tablet&quot;:&quot;eael-col-2&quot;,&quot;eael_post_grid_columns_mobile&quot;:&quot;eael-col-1&quot;}\" data-widget_type=\"eael-post-grid.default\">\n\t\t\t\t\t<div id=\"eael-post-grid-f3024c7\" class=\"eael-post-grid-container\">\n            <div class=\"eael-post-grid eael-post-appender eael-post-appender-f3024c7 eael-post-grid-style-default\" data-layout-mode=\"grid\"><article class=\"eael-grid-post eael-post-grid-column eael-pg-post-5308 category-convocatorias-historias-destacadas-noticia-destacada-noticias\" data-id=\"5308\">\n        <div class=\"eael-grid-post-holder\">\n            <div class=\"eael-grid-post-holder-inner\"><div class=\"eael-entry-wrapper\"><header class=\"eael-entry-header\"><h2 class=\"eael-entry-title\"><a\n                        class=\"eael-grid-post-link\"\n                        href=\"https:\/\/fiaes.org\/en\/fiaes-llevo-innovacion-ambiental-sostenible-al-producer-roaster-forum-2026\/\"\n                        title=\"FIAES llev\u00f3 innovaci\u00f3n ambiental sostenible al Producer &amp; Roaster Forum 2026\">FIAES llev\u00f3 innovaci\u00f3n ambiental sostenible al Producer &amp; Roaster Forum 2026<\/a><\/h2><\/header><div class=\"eael-entry-content\">\n                        <div class=\"eael-grid-post-excerpt\"><p>Los d\u00edas 26 y 27 de marzo, San Salvador fue...<\/p><a href=\"https:\/\/fiaes.org\/en\/fiaes-llevo-innovacion-ambiental-sostenible-al-producer-roaster-forum-2026\/\" class=\"eael-post-elements-readmore-btn\">Leer m\u00e1s<\/a><\/div>\n                    <\/div><div class=\"eael-entry-footer\"><div class=\"eael-author-avatar\"><a href=\"https:\/\/fiaes.org\/en\/author\/ernesto\/\"><img alt='Ernesto Amaya' src='https:\/\/secure.gravatar.com\/avatar\/ed0ce17c74f79552f6469965e5339002662dc4af55d809bb047507a2e31a59d2?s=96&#038;d=mm&#038;r=g' srcset='https:\/\/secure.gravatar.com\/avatar\/ed0ce17c74f79552f6469965e5339002662dc4af55d809bb047507a2e31a59d2?s=192&#038;d=mm&#038;r=g 2x' class='avatar avatar-96 photo' height='96' width='96' \/><\/a><\/div><div class=\"eael-entry-meta\"><span class=\"eael-posted-by\"><a href=\"https:\/\/fiaes.org\/en\/author\/ernesto\/\" title=\"Posts by Ernesto Amaya\" rel=\"author\">Ernesto Amaya<\/a><\/span><span class=\"eael-posted-on\"><time datetime=\"27 de March de 2026\">27 de March de 2026<\/time><\/span><\/div><\/div><\/div><div class=\"eael-entry-media\"><div class=\"eael-entry-overlay fade-in\"><i class=\"fas fa-long-arrow-alt-right\" aria-hidden=\"true\"><\/i><a href=\"https:\/\/fiaes.org\/en\/fiaes-llevo-innovacion-ambiental-sostenible-al-producer-roaster-forum-2026\/\"><\/a><\/div><div class=\"eael-entry-thumbnail \">\n                <img fetchpriority=\"high\" decoding=\"async\" width=\"300\" height=\"169\" src=\"https:\/\/fiaes.org\/wp-content\/uploads\/2026\/03\/WhatsApp-Image-2026-03-26-at-2.14.42-PM-2-300x169.jpeg\" class=\"attachment-medium size-medium wp-image-5309\" alt=\"\" srcset=\"https:\/\/fiaes.org\/wp-content\/uploads\/2026\/03\/WhatsApp-Image-2026-03-26-at-2.14.42-PM-2-300x169.jpeg 300w, https:\/\/fiaes.org\/wp-content\/uploads\/2026\/03\/WhatsApp-Image-2026-03-26-at-2.14.42-PM-2-1024x576.jpeg 1024w, https:\/\/fiaes.org\/wp-content\/uploads\/2026\/03\/WhatsApp-Image-2026-03-26-at-2.14.42-PM-2-768x432.jpeg 768w, https:\/\/fiaes.org\/wp-content\/uploads\/2026\/03\/WhatsApp-Image-2026-03-26-at-2.14.42-PM-2-1536x864.jpeg 1536w, https:\/\/fiaes.org\/wp-content\/uploads\/2026\/03\/WhatsApp-Image-2026-03-26-at-2.14.42-PM-2-18x10.jpeg 18w, https:\/\/fiaes.org\/wp-content\/uploads\/2026\/03\/WhatsApp-Image-2026-03-26-at-2.14.42-PM-2.jpeg 1599w\" sizes=\"(max-width: 300px) 100vw, 300px\" \/>\n            <\/div>\n        <\/div><\/div>\n        <\/div>\n    <\/article><article class=\"eael-grid-post eael-post-grid-column eael-pg-post-5119 category-historias-destacadas-noticia-destacada-sin-categoria\" data-id=\"5119\">\n        <div class=\"eael-grid-post-holder\">\n            <div class=\"eael-grid-post-holder-inner\"><div class=\"eael-entry-wrapper\"><header class=\"eael-entry-header\"><h2 class=\"eael-entry-title\"><a\n                        class=\"eael-grid-post-link\"\n                        href=\"https:\/\/fiaes.org\/en\/somos-rio-lempa-conservar-el-agua-y-restaurar-el-territorio\/\"\n                        title=\"Somos R\u00edo Lempa: conservar el agua y restaurar el territorio\">Somos R\u00edo Lempa: conservar el agua y restaurar el territorio<\/a><\/h2><\/header><div class=\"eael-entry-content\">\n                        <div class=\"eael-grid-post-excerpt\"><p>A lo largo de 10,200 kil\u00f3metros cuadrados, el agua del...<\/p><a href=\"https:\/\/fiaes.org\/en\/somos-rio-lempa-conservar-el-agua-y-restaurar-el-territorio\/\" class=\"eael-post-elements-readmore-btn\">Leer m\u00e1s<\/a><\/div>\n                    <\/div><div class=\"eael-entry-footer\"><div class=\"eael-author-avatar\"><a href=\"https:\/\/fiaes.org\/en\/author\/ernesto\/\"><img alt='Ernesto Amaya' src='https:\/\/secure.gravatar.com\/avatar\/ed0ce17c74f79552f6469965e5339002662dc4af55d809bb047507a2e31a59d2?s=96&#038;d=mm&#038;r=g' srcset='https:\/\/secure.gravatar.com\/avatar\/ed0ce17c74f79552f6469965e5339002662dc4af55d809bb047507a2e31a59d2?s=192&#038;d=mm&#038;r=g 2x' class='avatar avatar-96 photo' height='96' width='96' \/><\/a><\/div><div class=\"eael-entry-meta\"><span class=\"eael-posted-by\"><a href=\"https:\/\/fiaes.org\/en\/author\/ernesto\/\" title=\"Posts by Ernesto Amaya\" rel=\"author\">Ernesto Amaya<\/a><\/span><span class=\"eael-posted-on\"><time datetime=\"14 de March de 2026\">14 de March de 2026<\/time><\/span><\/div><\/div><\/div><div class=\"eael-entry-media\"><div class=\"eael-entry-overlay fade-in\"><i class=\"fas fa-long-arrow-alt-right\" aria-hidden=\"true\"><\/i><a href=\"https:\/\/fiaes.org\/en\/somos-rio-lempa-conservar-el-agua-y-restaurar-el-territorio\/\"><\/a><\/div><div class=\"eael-entry-thumbnail \">\n                <img decoding=\"async\" width=\"300\" height=\"200\" src=\"https:\/\/fiaes.org\/wp-content\/uploads\/2026\/03\/07012026-DSC008151-300x200.jpg\" class=\"attachment-medium size-medium wp-image-5121\" alt=\"\" srcset=\"https:\/\/fiaes.org\/wp-content\/uploads\/2026\/03\/07012026-DSC008151-300x200.jpg 300w, https:\/\/fiaes.org\/wp-content\/uploads\/2026\/03\/07012026-DSC008151-1024x683.jpg 1024w, https:\/\/fiaes.org\/wp-content\/uploads\/2026\/03\/07012026-DSC008151-768x512.jpg 768w, https:\/\/fiaes.org\/wp-content\/uploads\/2026\/03\/07012026-DSC008151-1536x1024.jpg 1536w, https:\/\/fiaes.org\/wp-content\/uploads\/2026\/03\/07012026-DSC008151-2048x1365.jpg 2048w, https:\/\/fiaes.org\/wp-content\/uploads\/2026\/03\/07012026-DSC008151-18x12.jpg 18w\" sizes=\"(max-width: 300px) 100vw, 300px\" \/>\n            <\/div>\n        <\/div><\/div>\n        <\/div>\n    <\/article><article class=\"eael-grid-post eael-post-grid-column eael-pg-post-5100 category-historias-destacadas-noticia-destacada-noticias\" data-id=\"5100\">\n        <div class=\"eael-grid-post-holder\">\n            <div class=\"eael-grid-post-holder-inner\"><div class=\"eael-entry-wrapper\"><header class=\"eael-entry-header\"><h2 class=\"eael-entry-title\"><a\n                        class=\"eael-grid-post-link\"\n                        href=\"https:\/\/fiaes.org\/en\/jornada-de-limpieza-subacuatica-en-los-cobanos-fortalece-la-conservacion-del-ecosistema-de-arrecife\/\"\n                        title=\"Jornada de limpieza subacu\u00e1tica en Los C\u00f3banos fortalece la conservaci\u00f3n del ecosistema de arrecife\">Jornada de limpieza subacu\u00e1tica en Los C\u00f3banos fortalece la conservaci\u00f3n del ecosistema de arrecife<\/a><\/h2><\/header><div class=\"eael-entry-content\">\n                        <div class=\"eael-grid-post-excerpt\"><p>Una jornada de limpieza subacu\u00e1tica y terrestre se llev\u00f3 a...<\/p><a href=\"https:\/\/fiaes.org\/en\/jornada-de-limpieza-subacuatica-en-los-cobanos-fortalece-la-conservacion-del-ecosistema-de-arrecife\/\" class=\"eael-post-elements-readmore-btn\">Leer m\u00e1s<\/a><\/div>\n                    <\/div><div class=\"eael-entry-footer\"><div class=\"eael-author-avatar\"><a href=\"https:\/\/fiaes.org\/en\/author\/ernesto\/\"><img alt='Ernesto Amaya' src='https:\/\/secure.gravatar.com\/avatar\/ed0ce17c74f79552f6469965e5339002662dc4af55d809bb047507a2e31a59d2?s=96&#038;d=mm&#038;r=g' srcset='https:\/\/secure.gravatar.com\/avatar\/ed0ce17c74f79552f6469965e5339002662dc4af55d809bb047507a2e31a59d2?s=192&#038;d=mm&#038;r=g 2x' class='avatar avatar-96 photo' height='96' width='96' \/><\/a><\/div><div class=\"eael-entry-meta\"><span class=\"eael-posted-by\"><a href=\"https:\/\/fiaes.org\/en\/author\/ernesto\/\" title=\"Posts by Ernesto Amaya\" rel=\"author\">Ernesto Amaya<\/a><\/span><span class=\"eael-posted-on\"><time datetime=\"11 de March de 2026\">11 de March de 2026<\/time><\/span><\/div><\/div><\/div><div class=\"eael-entry-media\"><div class=\"eael-entry-overlay fade-in\"><i class=\"fas fa-long-arrow-alt-right\" aria-hidden=\"true\"><\/i><a href=\"https:\/\/fiaes.org\/en\/jornada-de-limpieza-subacuatica-en-los-cobanos-fortalece-la-conservacion-del-ecosistema-de-arrecife\/\"><\/a><\/div><div class=\"eael-entry-thumbnail \">\n                <img decoding=\"async\" width=\"300\" height=\"169\" src=\"https:\/\/fiaes.org\/wp-content\/uploads\/2026\/03\/WhatsApp-Image-2026-02-27-at-10.52.33-AM-300x169.jpeg\" class=\"attachment-medium size-medium wp-image-5101\" alt=\"\" srcset=\"https:\/\/fiaes.org\/wp-content\/uploads\/2026\/03\/WhatsApp-Image-2026-02-27-at-10.52.33-AM-300x169.jpeg 300w, https:\/\/fiaes.org\/wp-content\/uploads\/2026\/03\/WhatsApp-Image-2026-02-27-at-10.52.33-AM-1024x576.jpeg 1024w, https:\/\/fiaes.org\/wp-content\/uploads\/2026\/03\/WhatsApp-Image-2026-02-27-at-10.52.33-AM-768x432.jpeg 768w, https:\/\/fiaes.org\/wp-content\/uploads\/2026\/03\/WhatsApp-Image-2026-02-27-at-10.52.33-AM-1536x864.jpeg 1536w, https:\/\/fiaes.org\/wp-content\/uploads\/2026\/03\/WhatsApp-Image-2026-02-27-at-10.52.33-AM-18x10.jpeg 18w, https:\/\/fiaes.org\/wp-content\/uploads\/2026\/03\/WhatsApp-Image-2026-02-27-at-10.52.33-AM.jpeg 1600w\" sizes=\"(max-width: 300px) 100vw, 300px\" \/>\n            <\/div>\n        <\/div><\/div>\n        <\/div>\n    <\/article><article class=\"eael-grid-post eael-post-grid-column eael-pg-post-5064 category-historias-destacadas-noticia-destacada-noticias-sin-categoria\" data-id=\"5064\">\n        <div class=\"eael-grid-post-holder\">\n            <div class=\"eael-grid-post-holder-inner\"><div class=\"eael-entry-wrapper\"><header class=\"eael-entry-header\"><h2 class=\"eael-entry-title\"><a\n                        class=\"eael-grid-post-link\"\n                        href=\"https:\/\/fiaes.org\/en\/el-equipo-tecnico-de-fiaes-conocio-las-experiencias-de-psa-durante-el-intercambio-tecnico-con-fonafifo-en-costa-rica\/\"\n                        title=\"El equipo t\u00e9cnico de FIAES conoci\u00f3 las experiencias de PSA durante el intercambio t\u00e9cnico con FONAFIFO en Costa Rica\">El equipo t\u00e9cnico de FIAES conoci\u00f3 las experiencias de PSA durante el intercambio t\u00e9cnico con FONAFIFO en Costa Rica<\/a><\/h2><\/header><div class=\"eael-entry-content\">\n                        <div class=\"eael-grid-post-excerpt\"><p>Durante la segunda jornada, el equipo t\u00e9cnico de FIAES continu\u00f3...<\/p><a href=\"https:\/\/fiaes.org\/en\/el-equipo-tecnico-de-fiaes-conocio-las-experiencias-de-psa-durante-el-intercambio-tecnico-con-fonafifo-en-costa-rica\/\" class=\"eael-post-elements-readmore-btn\">Leer m\u00e1s<\/a><\/div>\n                    <\/div><div class=\"eael-entry-footer\"><div class=\"eael-author-avatar\"><a href=\"https:\/\/fiaes.org\/en\/author\/ernesto\/\"><img alt='Ernesto Amaya' src='https:\/\/secure.gravatar.com\/avatar\/ed0ce17c74f79552f6469965e5339002662dc4af55d809bb047507a2e31a59d2?s=96&#038;d=mm&#038;r=g' srcset='https:\/\/secure.gravatar.com\/avatar\/ed0ce17c74f79552f6469965e5339002662dc4af55d809bb047507a2e31a59d2?s=192&#038;d=mm&#038;r=g 2x' class='avatar avatar-96 photo' height='96' width='96' \/><\/a><\/div><div class=\"eael-entry-meta\"><span class=\"eael-posted-by\"><a href=\"https:\/\/fiaes.org\/en\/author\/ernesto\/\" title=\"Posts by Ernesto Amaya\" rel=\"author\">Ernesto Amaya<\/a><\/span><span class=\"eael-posted-on\"><time datetime=\"5 de March de 2026\">5 de March de 2026<\/time><\/span><\/div><\/div><\/div><div class=\"eael-entry-media\"><div class=\"eael-entry-overlay fade-in\"><i class=\"fas fa-long-arrow-alt-right\" aria-hidden=\"true\"><\/i><a href=\"https:\/\/fiaes.org\/en\/el-equipo-tecnico-de-fiaes-conocio-las-experiencias-de-psa-durante-el-intercambio-tecnico-con-fonafifo-en-costa-rica\/\"><\/a><\/div><div class=\"eael-entry-thumbnail \">\n                <img loading=\"lazy\" decoding=\"async\" width=\"300\" height=\"169\" src=\"https:\/\/fiaes.org\/wp-content\/uploads\/2026\/03\/1-300x169.jpg\" class=\"attachment-medium size-medium wp-image-5081\" alt=\"\" srcset=\"https:\/\/fiaes.org\/wp-content\/uploads\/2026\/03\/1-300x169.jpg 300w, https:\/\/fiaes.org\/wp-content\/uploads\/2026\/03\/1-1024x576.jpg 1024w, https:\/\/fiaes.org\/wp-content\/uploads\/2026\/03\/1-768x432.jpg 768w, https:\/\/fiaes.org\/wp-content\/uploads\/2026\/03\/1.jpg 1200w\" sizes=\"(max-width: 300px) 100vw, 300px\" \/>\n            <\/div>\n        <\/div><\/div>\n        <\/div>\n    <\/article><\/div>\n            <div class=\"clearfix\"><\/div>\n        <\/div>            <div class=\"eael-load-more-button-wrap eael-force-hide\">\n                <button class=\"eael-load-more-button\" id=\"eael-load-more-btn-f3024c7\" data-widget-id=\"f3024c7\" data-widget=\"f3024c7\" data-page-id=\"2182\" data-template=\"{&quot;dir&quot;:&quot;lite&quot;,&quot;file_name&quot;:&quot;default.php&quot;,&quot;name&quot;:&quot;Post-Grid&quot;}\" data-class=\"Essential_Addons_Elementor\\Elements\\Post_Grid\" data-layout=\"grid\" data-page=\"1\" data-args=\"orderby=date&amp;order=desc&amp;ignore_sticky_posts=1&amp;post_status=publish&amp;posts_per_page=4&amp;offset=0&amp;post_type=post\" data-max-page=\"8\">\n                    <span class=\"eael-btn-loader button__loader\"><\/span>\n                    <span class=\"eael_load_more_text\">Cargar m\u00e1s<\/span>\n                <\/button>\n            <\/div>\n            \t\t\t\t<\/div>\n\t\t\t\t\t<\/div>\n\t\t\t\t<\/div>\n\t\t\t\t<\/div>\n\t\t","protected":false},"excerpt":{"rendered":"<p>Manuales de buenas pr\u00e1cticas Informes anuales de actividades y resultados de FIAES Fomento de la agricultura y ganader\u00eda sostenible Gobernanza ambiental territorial Manual Protecci\u00f3n, conservaci\u00f3n y restauraci\u00f3n de \u00e1reas y recursos naturales, cuencas hidrogr\u00e1ficas y humedales Protecci\u00f3n, conservaci\u00f3n y restauraci\u00f3n de recursos y ecosistemas costero marinos Agroecolog\u00eda y abonos org\u00e1nicos fermentados Leer m\u00e1s admin3 de [&hellip;]<\/p>\n","protected":false},"author":1,"featured_media":0,"parent":0,"menu_order":0,"comment_status":"closed","ping_status":"closed","template":"","meta":{"footnotes":""},"class_list":["post-2182","page","type-page","status-publish","hentry"],"_links":{"self":[{"href":"https:\/\/fiaes.org\/en\/wp-json\/wp\/v2\/pages\/2182","targetHints":{"allow":["GET"]}}],"collection":[{"href":"https:\/\/fiaes.org\/en\/wp-json\/wp\/v2\/pages"}],"about":[{"href":"https:\/\/fiaes.org\/en\/wp-json\/wp\/v2\/types\/page"}],"author":[{"embeddable":true,"href":"https:\/\/fiaes.org\/en\/wp-json\/wp\/v2\/users\/1"}],"replies":[{"embeddable":true,"href":"https:\/\/fiaes.org\/en\/wp-json\/wp\/v2\/comments?post=2182"}],"version-history":[{"count":4,"href":"https:\/\/fiaes.org\/en\/wp-json\/wp\/v2\/pages\/2182\/revisions"}],"predecessor-version":[{"id":2187,"href":"https:\/\/fiaes.org\/en\/wp-json\/wp\/v2\/pages\/2182\/revisions\/2187"}],"wp:attachment":[{"href":"https:\/\/fiaes.org\/en\/wp-json\/wp\/v2\/media?parent=2182"}],"curies":[{"name":"wp","href":"https:\/\/api.w.org\/{rel}","templated":true}]}}