{"id":2136,"date":"2025-10-03T01:51:31","date_gmt":"2025-10-02T23:51:31","guid":{"rendered":"http:\/\/34.51.240.201\/?page_id=2136"},"modified":"2026-02-12T21:56:27","modified_gmt":"2026-02-12T20:56:27","slug":"sistematizaciones","status":"publish","type":"page","link":"https:\/\/fiaes.org\/en\/sistematizaciones\/","title":{"rendered":"Systematizations"},"content":{"rendered":"\t\t<div data-elementor-type=\"wp-page\" data-elementor-id=\"2136\" class=\"elementor elementor-2136\" data-elementor-post-type=\"page\">\n\t\t\t\t<div class=\"elementor-element elementor-element-042847e e-flex e-con-boxed e-con e-parent\" data-id=\"042847e\" data-element_type=\"container\" data-e-type=\"container\" data-settings=\"{&quot;background_background&quot;:&quot;classic&quot;,&quot;background_motion_fx_motion_fx_scrolling&quot;:&quot;yes&quot;,&quot;background_motion_fx_translateY_effect&quot;:&quot;yes&quot;,&quot;background_motion_fx_translateY_speed&quot;:{&quot;unit&quot;:&quot;px&quot;,&quot;size&quot;:4,&quot;sizes&quot;:[]},&quot;background_motion_fx_translateY_affectedRange&quot;:{&quot;unit&quot;:&quot;%&quot;,&quot;size&quot;:&quot;&quot;,&quot;sizes&quot;:{&quot;start&quot;:0,&quot;end&quot;:100}},&quot;background_motion_fx_devices&quot;:[&quot;widescreen&quot;,&quot;desktop&quot;,&quot;laptop&quot;,&quot;tablet_extra&quot;,&quot;tablet&quot;,&quot;mobile_extra&quot;,&quot;mobile&quot;]}\">\n\t\t\t\t\t<div class=\"e-con-inner\">\n\t\t<div class=\"elementor-element elementor-element-eaca907 e-con-full e-flex e-con e-child\" data-id=\"eaca907\" data-element_type=\"container\" data-e-type=\"container\">\n\t\t\t\t<div class=\"elementor-element elementor-element-e1b8c41 elementor-widget elementor-widget-heading\" data-id=\"e1b8c41\" data-element_type=\"widget\" data-e-type=\"widget\" data-widget_type=\"heading.default\">\n\t\t\t\t\t<h1 class=\"elementor-heading-title elementor-size-default\">Sistematizaciones y Cat\u00e1logos<\/h1>\t\t\t\t<\/div>\n\t\t\t\t<\/div>\n\t\t\t\t<div class=\"elementor-element elementor-element-3d259a6 elementor-widget elementor-widget-heading\" data-id=\"3d259a6\" data-element_type=\"widget\" data-e-type=\"widget\" data-widget_type=\"heading.default\">\n\t\t\t\t\t<h3 class=\"elementor-heading-title elementor-size-default\">Conoce de cerca nuestras experiencias de trabajo<\/h3>\t\t\t\t<\/div>\n\t\t\t\t\t<\/div>\n\t\t\t\t<\/div>\n\t\t<div class=\"elementor-element elementor-element-801a6df e-flex e-con-boxed e-con e-parent\" data-id=\"801a6df\" data-element_type=\"container\" data-e-type=\"container\" data-settings=\"{&quot;background_background&quot;:&quot;classic&quot;}\">\n\t\t\t\t\t<div class=\"e-con-inner\">\n\t\t<div class=\"elementor-element elementor-element-7d983ac e-con-full e-flex e-con e-child\" data-id=\"7d983ac\" data-element_type=\"container\" data-e-type=\"container\">\n\t\t\t\t<div class=\"elementor-element elementor-element-2ea65ba elementor-widget elementor-widget-heading\" data-id=\"2ea65ba\" data-element_type=\"widget\" data-e-type=\"widget\" data-widget_type=\"heading.default\">\n\t\t\t\t\t<h4 class=\"elementor-heading-title elementor-size-default\">\u00bfQu\u00e9 es una sistematizaci\u00f3n?<\/h4>\t\t\t\t<\/div>\n\t\t\t\t<\/div>\n\t\t<div class=\"elementor-element elementor-element-35e05da e-con-full e-flex e-con e-child\" data-id=\"35e05da\" data-element_type=\"container\" data-e-type=\"container\">\n\t\t\t\t<div class=\"elementor-element elementor-element-b097469 elementor-widget elementor-widget-text-editor\" data-id=\"b097469\" data-element_type=\"widget\" data-e-type=\"widget\" data-widget_type=\"text-editor.default\">\n\t\t\t\t\t\t\t\t\t<p>La sistematizaci\u00f3n se refiere al proceso de organizar, analizar y documentar de manera estructurada las experiencias, aprendizajes, resultados y metodolog\u00edas empleadas durante el desarrollo de un proyecto. No se trata solo de recopilar datos, sino de interpretarlos cr\u00edticamente para generar conocimiento \u00fatil que pueda ser replicado, mejorado o adaptado en futuros proyectos. Aqu\u00ed puedes encontrar las sistematizaciones de nuestros proyectos.<\/p>\t\t\t\t\t\t\t\t<\/div>\n\t\t\t\t<\/div>\n\t\t\t\t\t<\/div>\n\t\t\t\t<\/div>\n\t\t<div class=\"elementor-element elementor-element-0829b31 e-con-full e-flex e-con e-parent\" data-id=\"0829b31\" data-element_type=\"container\" data-e-type=\"container\">\n\t\t<div class=\"elementor-element elementor-element-76af4c7 e-con-full e-flex elementor-invisible e-con e-child\" data-id=\"76af4c7\" data-element_type=\"container\" data-e-type=\"container\" data-settings=\"{&quot;background_background&quot;:&quot;classic&quot;,&quot;animation&quot;:&quot;fadeInLeft&quot;}\">\n\t\t<div class=\"elementor-element elementor-element-47c9f8d e-con-full e-flex e-con e-child\" data-id=\"47c9f8d\" data-element_type=\"container\" data-e-type=\"container\" data-settings=\"{&quot;background_background&quot;:&quot;classic&quot;}\">\n\t\t<div class=\"elementor-element elementor-element-c61a265 e-con-full e-flex e-con e-child\" data-id=\"c61a265\" data-element_type=\"container\" data-e-type=\"container\">\n\t\t\t\t<div class=\"elementor-element elementor-element-341c122 elementor-widget elementor-widget-heading\" data-id=\"341c122\" data-element_type=\"widget\" data-e-type=\"widget\" data-widget_type=\"heading.default\">\n\t\t\t\t\t<h4 class=\"elementor-heading-title elementor-size-default\">Sistematizaci\u00f3n de experiencias\nIncentivos y desincentivos para una econom\u00eda verde<\/h4>\t\t\t\t<\/div>\n\t\t\t\t<\/div>\n\t\t<div class=\"elementor-element elementor-element-76e188b e-con-full e-flex e-con e-child\" data-id=\"76e188b\" data-element_type=\"container\" data-e-type=\"container\">\n\t\t\t\t<div class=\"elementor-element elementor-element-8c9484c elementor-widget elementor-widget-image\" data-id=\"8c9484c\" data-element_type=\"widget\" data-e-type=\"widget\" data-widget_type=\"image.default\">\n\t\t\t\t\t\t\t\t\t\t\t\t\t\t\t\t<a href=\"https:\/\/drive.google.com\/file\/d\/1jVp5DTy_fU-TfLBLp_eWCkE_uyJgDr_q\/view\">\n\t\t\t\t\t\t\t<img fetchpriority=\"high\" decoding=\"async\" width=\"232\" height=\"300\" src=\"https:\/\/fiaes.org\/wp-content\/uploads\/2025\/10\/Sistematizacion-FIAES-232x300.png\" class=\"attachment-medium size-medium wp-image-2152\" alt=\"\" srcset=\"https:\/\/fiaes.org\/wp-content\/uploads\/2025\/10\/Sistematizacion-FIAES-232x300.png 232w, https:\/\/fiaes.org\/wp-content\/uploads\/2025\/10\/Sistematizacion-FIAES.png 626w\" sizes=\"(max-width: 232px) 100vw, 232px\" \/>\t\t\t\t\t\t\t\t<\/a>\n\t\t\t\t\t\t\t\t\t\t\t\t\t\t\t<\/div>\n\t\t\t\t<div class=\"elementor-element elementor-element-4788abd elementor-align-left elementor-widget elementor-widget-button\" data-id=\"4788abd\" data-element_type=\"widget\" data-e-type=\"widget\" data-widget_type=\"button.default\">\n\t\t\t\t\t\t\t\t\t\t<a class=\"elementor-button elementor-button-link elementor-size-sm elementor-animation-grow\" href=\"https:\/\/drive.google.com\/file\/d\/1jVp5DTy_fU-TfLBLp_eWCkE_uyJgDr_q\/view\" target=\"_blank\">\n\t\t\t\t\t\t<span class=\"elementor-button-content-wrapper\">\n\t\t\t\t\t\t<span class=\"elementor-button-icon\">\n\t\t\t\t<svg aria-hidden=\"true\" class=\"e-font-icon-svg e-fas-arrow-right\" viewBox=\"0 0 448 512\" xmlns=\"http:\/\/www.w3.org\/2000\/svg\"><path d=\"M190.5 66.9l22.2-22.2c9.4-9.4 24.6-9.4 33.9 0L441 239c9.4 9.4 9.4 24.6 0 33.9L246.6 467.3c-9.4 9.4-24.6 9.4-33.9 0l-22.2-22.2c-9.5-9.5-9.3-25 .4-34.3L311.4 296H24c-13.3 0-24-10.7-24-24v-32c0-13.3 10.7-24 24-24h287.4L190.9 101.2c-9.8-9.3-10-24.8-.4-34.3z\"><\/path><\/svg>\t\t\t<\/span>\n\t\t\t\t\t\t\t\t\t<span class=\"elementor-button-text\">Ver m\u00e1s<\/span>\n\t\t\t\t\t<\/span>\n\t\t\t\t\t<\/a>\n\t\t\t\t\t\t\t\t<\/div>\n\t\t\t\t<\/div>\n\t\t\t\t<\/div>\n\t\t\t\t<\/div>\n\t\t<div class=\"elementor-element elementor-element-4cfbf41 e-con-full e-flex elementor-invisible e-con e-child\" data-id=\"4cfbf41\" data-element_type=\"container\" data-e-type=\"container\" data-settings=\"{&quot;background_background&quot;:&quot;classic&quot;,&quot;animation&quot;:&quot;fadeInRight&quot;}\">\n\t\t<div class=\"elementor-element elementor-element-7c1ddfa e-con-full e-flex e-con e-child\" data-id=\"7c1ddfa\" data-element_type=\"container\" data-e-type=\"container\" data-settings=\"{&quot;background_background&quot;:&quot;classic&quot;}\">\n\t\t<div class=\"elementor-element elementor-element-847a701 e-con-full e-flex e-con e-child\" data-id=\"847a701\" data-element_type=\"container\" data-e-type=\"container\">\n\t\t\t\t<div class=\"elementor-element elementor-element-664e5d3 elementor-widget elementor-widget-heading\" data-id=\"664e5d3\" data-element_type=\"widget\" data-e-type=\"widget\" data-widget_type=\"heading.default\">\n\t\t\t\t\t<h4 class=\"elementor-heading-title elementor-size-default\">Experiencias del Proyecto Incentivos para una Econom\u00eda Verde.<\/h4>\t\t\t\t<\/div>\n\t\t\t\t<\/div>\n\t\t<div class=\"elementor-element elementor-element-8413e62 e-con-full e-flex e-con e-child\" data-id=\"8413e62\" data-element_type=\"container\" data-e-type=\"container\">\n\t\t\t\t<div class=\"elementor-element elementor-element-f65edbe elementor-widget elementor-widget-image\" data-id=\"f65edbe\" data-element_type=\"widget\" data-e-type=\"widget\" data-widget_type=\"image.default\">\n\t\t\t\t\t\t\t\t\t\t\t\t\t\t\t\t<a href=\"https:\/\/drive.google.com\/file\/d\/13TfrpbVJj2j17crUvheafkktdO4bb6Ki\/view\" target=\"_blank\">\n\t\t\t\t\t\t\t<img decoding=\"async\" width=\"230\" height=\"300\" src=\"https:\/\/fiaes.org\/wp-content\/uploads\/2025\/10\/Experiencias-del-Proyecto-FIAES-230x300.png\" class=\"attachment-medium size-medium wp-image-2167\" alt=\"\" srcset=\"https:\/\/fiaes.org\/wp-content\/uploads\/2025\/10\/Experiencias-del-Proyecto-FIAES-230x300.png 230w, https:\/\/fiaes.org\/wp-content\/uploads\/2025\/10\/Experiencias-del-Proyecto-FIAES.png 497w\" sizes=\"(max-width: 230px) 100vw, 230px\" \/>\t\t\t\t\t\t\t\t<\/a>\n\t\t\t\t\t\t\t\t\t\t\t\t\t\t\t<\/div>\n\t\t\t\t<div class=\"elementor-element elementor-element-870e51e elementor-align-left elementor-widget elementor-widget-button\" data-id=\"870e51e\" data-element_type=\"widget\" data-e-type=\"widget\" data-widget_type=\"button.default\">\n\t\t\t\t\t\t\t\t\t\t<a class=\"elementor-button elementor-button-link elementor-size-sm elementor-animation-grow\" href=\"https:\/\/drive.google.com\/file\/d\/13TfrpbVJj2j17crUvheafkktdO4bb6Ki\/view\" target=\"_blank\">\n\t\t\t\t\t\t<span class=\"elementor-button-content-wrapper\">\n\t\t\t\t\t\t<span class=\"elementor-button-icon\">\n\t\t\t\t<svg aria-hidden=\"true\" class=\"e-font-icon-svg e-fas-arrow-right\" viewBox=\"0 0 448 512\" xmlns=\"http:\/\/www.w3.org\/2000\/svg\"><path d=\"M190.5 66.9l22.2-22.2c9.4-9.4 24.6-9.4 33.9 0L441 239c9.4 9.4 9.4 24.6 0 33.9L246.6 467.3c-9.4 9.4-24.6 9.4-33.9 0l-22.2-22.2c-9.5-9.5-9.3-25 .4-34.3L311.4 296H24c-13.3 0-24-10.7-24-24v-32c0-13.3 10.7-24 24-24h287.4L190.9 101.2c-9.8-9.3-10-24.8-.4-34.3z\"><\/path><\/svg>\t\t\t<\/span>\n\t\t\t\t\t\t\t\t\t<span class=\"elementor-button-text\">Ver m\u00e1s<\/span>\n\t\t\t\t\t<\/span>\n\t\t\t\t\t<\/a>\n\t\t\t\t\t\t\t\t<\/div>\n\t\t\t\t<\/div>\n\t\t\t\t<\/div>\n\t\t\t\t<\/div>\n\t\t<div class=\"elementor-element elementor-element-96d889d e-con-full e-flex elementor-invisible e-con e-child\" data-id=\"96d889d\" data-element_type=\"container\" data-e-type=\"container\" data-settings=\"{&quot;background_background&quot;:&quot;classic&quot;,&quot;animation&quot;:&quot;fadeInRight&quot;}\">\n\t\t<div class=\"elementor-element elementor-element-d0dd59d e-con-full e-flex e-con e-child\" data-id=\"d0dd59d\" data-element_type=\"container\" data-e-type=\"container\" data-settings=\"{&quot;background_background&quot;:&quot;classic&quot;}\">\n\t\t<div class=\"elementor-element elementor-element-c88e911 e-con-full e-flex e-con e-child\" data-id=\"c88e911\" data-element_type=\"container\" data-e-type=\"container\">\n\t\t\t\t<div class=\"elementor-element elementor-element-3f5eb64 elementor-widget elementor-widget-heading\" data-id=\"3f5eb64\" data-element_type=\"widget\" data-e-type=\"widget\" data-widget_type=\"heading.default\">\n\t\t\t\t\t<h4 class=\"elementor-heading-title elementor-size-default\">Sistematizaci\u00f3n del Foro de Inversi\u00f3n para la Resilencia clim\u00e1tica<\/h4>\t\t\t\t<\/div>\n\t\t\t\t<\/div>\n\t\t<div class=\"elementor-element elementor-element-af08a15 e-con-full e-flex e-con e-child\" data-id=\"af08a15\" data-element_type=\"container\" data-e-type=\"container\">\n\t\t\t\t<div class=\"elementor-element elementor-element-6b5380f elementor-widget elementor-widget-image\" data-id=\"6b5380f\" data-element_type=\"widget\" data-e-type=\"widget\" data-widget_type=\"image.default\">\n\t\t\t\t\t\t\t\t\t\t\t\t\t\t\t\t<a href=\"https:\/\/heyzine.com\/flip-book\/035d9c4230.html\" target=\"_blank\">\n\t\t\t\t\t\t\t<img decoding=\"async\" width=\"237\" height=\"300\" src=\"https:\/\/fiaes.org\/wp-content\/uploads\/2025\/10\/Sistematizacion-del-Foro-de-Inversion-para-la-Resilencia-climatica-237x300.png\" class=\"attachment-medium size-medium wp-image-3304\" alt=\"\" srcset=\"https:\/\/fiaes.org\/wp-content\/uploads\/2025\/10\/Sistematizacion-del-Foro-de-Inversion-para-la-Resilencia-climatica-237x300.png 237w, https:\/\/fiaes.org\/wp-content\/uploads\/2025\/10\/Sistematizacion-del-Foro-de-Inversion-para-la-Resilencia-climatica.png 652w\" sizes=\"(max-width: 237px) 100vw, 237px\" \/>\t\t\t\t\t\t\t\t<\/a>\n\t\t\t\t\t\t\t\t\t\t\t\t\t\t\t<\/div>\n\t\t\t\t<div class=\"elementor-element elementor-element-0efa027 elementor-align-left elementor-widget elementor-widget-button\" data-id=\"0efa027\" data-element_type=\"widget\" data-e-type=\"widget\" data-widget_type=\"button.default\">\n\t\t\t\t\t\t\t\t\t\t<a class=\"elementor-button elementor-button-link elementor-size-sm elementor-animation-grow\" href=\"https:\/\/heyzine.com\/flip-book\/035d9c4230.html\" target=\"_blank\">\n\t\t\t\t\t\t<span class=\"elementor-button-content-wrapper\">\n\t\t\t\t\t\t<span class=\"elementor-button-icon\">\n\t\t\t\t<svg aria-hidden=\"true\" class=\"e-font-icon-svg e-fas-arrow-right\" viewBox=\"0 0 448 512\" xmlns=\"http:\/\/www.w3.org\/2000\/svg\"><path d=\"M190.5 66.9l22.2-22.2c9.4-9.4 24.6-9.4 33.9 0L441 239c9.4 9.4 9.4 24.6 0 33.9L246.6 467.3c-9.4 9.4-24.6 9.4-33.9 0l-22.2-22.2c-9.5-9.5-9.3-25 .4-34.3L311.4 296H24c-13.3 0-24-10.7-24-24v-32c0-13.3 10.7-24 24-24h287.4L190.9 101.2c-9.8-9.3-10-24.8-.4-34.3z\"><\/path><\/svg>\t\t\t<\/span>\n\t\t\t\t\t\t\t\t\t<span class=\"elementor-button-text\">Ver m\u00e1s<\/span>\n\t\t\t\t\t<\/span>\n\t\t\t\t\t<\/a>\n\t\t\t\t\t\t\t\t<\/div>\n\t\t\t\t<\/div>\n\t\t\t\t<\/div>\n\t\t\t\t<\/div>\n\t\t<div class=\"elementor-element elementor-element-eddb87a e-con-full e-flex elementor-invisible e-con e-child\" data-id=\"eddb87a\" data-element_type=\"container\" data-e-type=\"container\" data-settings=\"{&quot;background_background&quot;:&quot;classic&quot;,&quot;animation&quot;:&quot;fadeInRight&quot;}\">\n\t\t<div class=\"elementor-element elementor-element-ee4c8e0 e-con-full e-flex e-con e-child\" data-id=\"ee4c8e0\" data-element_type=\"container\" data-e-type=\"container\" data-settings=\"{&quot;background_background&quot;:&quot;classic&quot;}\">\n\t\t<div class=\"elementor-element elementor-element-27ca0cc e-con-full e-flex e-con e-child\" data-id=\"27ca0cc\" data-element_type=\"container\" data-e-type=\"container\">\n\t\t\t\t<div class=\"elementor-element elementor-element-241fd02 elementor-widget elementor-widget-heading\" data-id=\"241fd02\" data-element_type=\"widget\" data-e-type=\"widget\" data-widget_type=\"heading.default\">\n\t\t\t\t\t<h4 class=\"elementor-heading-title elementor-size-default\">Cat\u00e1logo de Foto Identificaci\u00f3n de Ballenas Jorobadas de El Salvador<\/h4>\t\t\t\t<\/div>\n\t\t\t\t<\/div>\n\t\t<div class=\"elementor-element elementor-element-d99c7dd e-con-full e-flex e-con e-child\" data-id=\"d99c7dd\" data-element_type=\"container\" data-e-type=\"container\">\n\t\t\t\t<div class=\"elementor-element elementor-element-ebfdf84 elementor-widget elementor-widget-image\" data-id=\"ebfdf84\" data-element_type=\"widget\" data-e-type=\"widget\" data-widget_type=\"image.default\">\n\t\t\t\t\t\t\t\t\t\t\t\t\t\t\t\t<a href=\"https:\/\/cdnc.heyzine.com\/files\/uploaded\/befdc3ff68129fa4ac939281f812a1b7f7c983df.pdf\" target=\"_blank\">\n\t\t\t\t\t\t\t<img loading=\"lazy\" decoding=\"async\" width=\"776\" height=\"594\" src=\"https:\/\/fiaes.org\/wp-content\/uploads\/2026\/02\/Portada-catalogo-de-ballenas.png\" class=\"attachment-full size-full wp-image-4637\" alt=\"\" srcset=\"https:\/\/fiaes.org\/wp-content\/uploads\/2026\/02\/Portada-catalogo-de-ballenas.png 776w, https:\/\/fiaes.org\/wp-content\/uploads\/2026\/02\/Portada-catalogo-de-ballenas-300x230.png 300w, https:\/\/fiaes.org\/wp-content\/uploads\/2026\/02\/Portada-catalogo-de-ballenas-768x588.png 768w\" sizes=\"(max-width: 776px) 100vw, 776px\" \/>\t\t\t\t\t\t\t\t<\/a>\n\t\t\t\t\t\t\t\t\t\t\t\t\t\t\t<\/div>\n\t\t\t\t<div class=\"elementor-element elementor-element-fb34c08 elementor-align-left elementor-widget elementor-widget-button\" data-id=\"fb34c08\" data-element_type=\"widget\" data-e-type=\"widget\" data-widget_type=\"button.default\">\n\t\t\t\t\t\t\t\t\t\t<a class=\"elementor-button elementor-button-link elementor-size-sm elementor-animation-grow\" href=\"https:\/\/cdnc.heyzine.com\/files\/uploaded\/befdc3ff68129fa4ac939281f812a1b7f7c983df.pdf\" target=\"_blank\">\n\t\t\t\t\t\t<span class=\"elementor-button-content-wrapper\">\n\t\t\t\t\t\t<span class=\"elementor-button-icon\">\n\t\t\t\t<svg aria-hidden=\"true\" class=\"e-font-icon-svg e-fas-arrow-right\" viewBox=\"0 0 448 512\" xmlns=\"http:\/\/www.w3.org\/2000\/svg\"><path d=\"M190.5 66.9l22.2-22.2c9.4-9.4 24.6-9.4 33.9 0L441 239c9.4 9.4 9.4 24.6 0 33.9L246.6 467.3c-9.4 9.4-24.6 9.4-33.9 0l-22.2-22.2c-9.5-9.5-9.3-25 .4-34.3L311.4 296H24c-13.3 0-24-10.7-24-24v-32c0-13.3 10.7-24 24-24h287.4L190.9 101.2c-9.8-9.3-10-24.8-.4-34.3z\"><\/path><\/svg>\t\t\t<\/span>\n\t\t\t\t\t\t\t\t\t<span class=\"elementor-button-text\">Ver m\u00e1s<\/span>\n\t\t\t\t\t<\/span>\n\t\t\t\t\t<\/a>\n\t\t\t\t\t\t\t\t<\/div>\n\t\t\t\t<\/div>\n\t\t\t\t<\/div>\n\t\t\t\t<\/div>\n\t\t\t\t<\/div>\n\t\t\t\t<\/div>\n\t\t","protected":false},"excerpt":{"rendered":"<p>Sistematizaciones y Cat\u00e1logos Conoce de cerca nuestras experiencias de trabajo \u00bfQu\u00e9 es una sistematizaci\u00f3n? La sistematizaci\u00f3n se refiere al proceso de organizar, analizar y documentar de manera estructurada las experiencias, aprendizajes, resultados y metodolog\u00edas empleadas durante el desarrollo de un proyecto. No se trata solo de recopilar datos, sino de interpretarlos cr\u00edticamente para generar conocimiento [&hellip;]<\/p>\n","protected":false},"author":1,"featured_media":0,"parent":0,"menu_order":0,"comment_status":"closed","ping_status":"closed","template":"","meta":{"footnotes":""},"class_list":["post-2136","page","type-page","status-publish","hentry"],"_links":{"self":[{"href":"https:\/\/fiaes.org\/en\/wp-json\/wp\/v2\/pages\/2136","targetHints":{"allow":["GET"]}}],"collection":[{"href":"https:\/\/fiaes.org\/en\/wp-json\/wp\/v2\/pages"}],"about":[{"href":"https:\/\/fiaes.org\/en\/wp-json\/wp\/v2\/types\/page"}],"author":[{"embeddable":true,"href":"https:\/\/fiaes.org\/en\/wp-json\/wp\/v2\/users\/1"}],"replies":[{"embeddable":true,"href":"https:\/\/fiaes.org\/en\/wp-json\/wp\/v2\/comments?post=2136"}],"version-history":[{"count":76,"href":"https:\/\/fiaes.org\/en\/wp-json\/wp\/v2\/pages\/2136\/revisions"}],"predecessor-version":[{"id":4650,"href":"https:\/\/fiaes.org\/en\/wp-json\/wp\/v2\/pages\/2136\/revisions\/4650"}],"wp:attachment":[{"href":"https:\/\/fiaes.org\/en\/wp-json\/wp\/v2\/media?parent=2136"}],"curies":[{"name":"wp","href":"https:\/\/api.w.org\/{rel}","templated":true}]}}